{"id":5,"date":"2020-09-18T15:48:10","date_gmt":"2020-09-18T13:48:10","guid":{"rendered":"http:\/\/decko.webinson.cz\/decko\/?page_id=5"},"modified":"2023-10-02T15:22:28","modified_gmt":"2023-10-02T13:22:28","slug":"psychology-home","status":"publish","type":"page","link":"https:\/\/decko.webinson.cz\/decko\/","title":{"rendered":"\u00davod"},"content":{"rendered":"<p><div class=\"fusion-fullwidth fullwidth-box fusion-builder-row-1 fusion-flex-container fusion-parallax-fixed nonhundred-percent-fullwidth non-hundred-percent-height-scrolling lazyload\" style=\"--awb-background-position:center top;--awb-background-blend-mode:luminosity;--awb-border-radius-top-left:0px;--awb-border-radius-top-right:0px;--awb-border-radius-bottom-right:0px;--awb-border-radius-bottom-left:0px;--awb-padding-top:8vw;--awb-padding-bottom:187.03125px;--awb-padding-top-small:12vw;--awb-padding-bottom-small:12vw;--awb-margin-bottom:77px;--awb-background-image:linear-gradient(90deg, hsla(var(--awb-color7-h),var(--awb-color7-s),calc( var(--awb-color7-l) - 6% ),calc( var(--awb-color7-a) - 20% )) 0%,rgba(255,255,255,0) 78%);;--awb-background-size:cover;--awb-flex-wrap:wrap;background-attachment:fixed;\" data-bg=\"http:\/\/decko.webinson.cz\/decko\/wp-content\/uploads\/2023\/07\/Navrh-bez-nazvu-2.png\" data-bg-gradient=\"linear-gradient(90deg, hsla(var(--awb-color7-h),var(--awb-color7-s),calc( var(--awb-color7-l) - 6% ),calc( var(--awb-color7-a) - 20% )) 0%,rgba(255,255,255,0) 78%)\" ><div class=\"fusion-builder-row fusion-row fusion-flex-align-items-center fusion-flex-content-wrap\" style=\"max-width:1365px;margin-left: calc(-5% \/ 2 );margin-right: calc(-5% \/ 2 );\"><div class=\"fusion-layout-column fusion_builder_column fusion-builder-column-0 fusion_builder_column_3_4 3_4 fusion-flex-column fusion-animated\" style=\"--awb-bg-size:cover;--awb-width-large:75%;--awb-margin-top-large:0px;--awb-spacing-right-large:9.12%;--awb-margin-bottom-large:0px;--awb-spacing-left-large:3.16666666667%;--awb-width-medium:75%;--awb-spacing-right-medium:9.12%;--awb-spacing-left-medium:3.16666666667%;--awb-width-small:100%;--awb-spacing-right-small:2.375%;--awb-spacing-left-small:2.375%;\" data-animationType=\"fadeInLeft\" data-animationDuration=\"1.0\" data-animationOffset=\"top-into-view\"><div class=\"fusion-column-wrapper fusion-column-has-shadow fusion-flex-justify-content-center fusion-content-layout-column\"><div class=\"fusion-title title fusion-title-1 fusion-no-small-visibility fusion-no-medium-visibility fusion-sep-none fusion-title-text fusion-title-size-two\" style=\"--awb-text-color:var(--awb-color1);--awb-margin-bottom:1.5vw;--awb-margin-bottom-small:40px;--awb-font-size:62px;\"><h2 class=\"fusion-title-heading title-heading-left\" style=\"margin:0;font-size:1em;line-height:1.2;\">D\u016fv\u011bra, vzd\u011bl\u00e1v\u00e1n\u00ed, poradenstv\u00ed<\/h2><\/div><div class=\"fusion-title title fusion-title-2 fusion-no-large-visibility fusion-sep-none fusion-title-text fusion-title-size-two\" style=\"--awb-text-color:var(--awb-color1);--awb-margin-bottom:1.5vw;--awb-margin-bottom-small:40px;--awb-font-size:42px;\"><h2 class=\"fusion-title-heading title-heading-left\" style=\"margin:0;font-size:1em;line-height:1.2;\">D\u016fv\u011bra, poradenstv\u00ed a vzd\u011bl\u00e1v\u00e1n\u00ed&nbsp;<\/h2><\/div><div class=\"fusion-text fusion-text-1\"><p style=\"color: var(--awb-color1);\">Ji\u017e od roku 1998<\/p>\n<\/div><div class=\"fusion-text fusion-text-2 fusion-no-small-visibility fusion-no-medium-visibility\" style=\"--awb-font-size:21px;--awb-text-color:var(--awb-color1);\"><\/div><div ><a class=\"fusion-button button-flat button-xlarge button-default fusion-button-default button-1 fusion-button-default-span fusion-button-default-type\" style=\"--button_margin-top:2vw;\" target=\"_self\" href=\"\/kontakt\"><span class=\"fusion-button-text\">Kontaktujte n\u00e1s<\/span><\/a><\/div><\/div><\/div><\/div><\/div><div class=\"fusion-fullwidth fullwidth-box fusion-builder-row-2 fusion-flex-container nonhundred-percent-fullwidth non-hundred-percent-height-scrolling\" style=\"--awb-border-radius-top-left:0px;--awb-border-radius-top-right:0px;--awb-border-radius-bottom-right:0px;--awb-border-radius-bottom-left:0px;--awb-padding-top:1.3vw;--awb-padding-bottom:7vw;--awb-background-color:hsla(var(--awb-color3-h),var(--awb-color3-s),var(--awb-color3-l),calc( var(--awb-color3-a) - 40% ));--awb-flex-wrap:wrap;\" ><div class=\"fusion-builder-row fusion-row fusion-flex-align-items-stretch fusion-flex-content-wrap\" style=\"max-width:calc( 1300px + 2.5vw );margin-left: calc(-2.5vw \/ 2 );margin-right: calc(-2.5vw \/ 2 );\"><div class=\"fusion-layout-column fusion_builder_column fusion-builder-column-1 fusion_builder_column_1_3 1_3 fusion-flex-column fusion-animated\" style=\"--awb-padding-top:4vw;--awb-padding-right:2vw;--awb-padding-bottom:4vw;--awb-padding-left:2vw;--awb-padding-top-small:9vw;--awb-padding-right-small:4vw;--awb-padding-bottom-small:9vw;--awb-padding-left-small:4vw;--awb-overflow:hidden;--awb-bg-color:var(--awb-color5);--awb-bg-color-hover:var(--awb-color5);--awb-bg-size:cover;--awb-border-radius:6px 6px 6px 6px;--awb-width-large:33.3333333333%;--awb-margin-top-large:0px;--awb-spacing-right-large:1.25vw;--awb-margin-bottom-large:0px;--awb-spacing-left-large:1.25vw;--awb-width-medium:40%;--awb-order-medium:0;--awb-spacing-right-medium:1.25vw;--awb-spacing-left-medium:1.25vw;--awb-width-small:100%;--awb-order-small:0;--awb-spacing-right-small:1.25vw;--awb-margin-bottom-small:6vw;--awb-spacing-left-small:1.25vw;\" data-animationType=\"fadeInUp\" data-animationDuration=\"1.0\" data-animationOffset=\"top-into-view\"><div class=\"fusion-column-wrapper fusion-column-has-shadow fusion-flex-justify-content-center fusion-content-layout-column\"><i class=\"fb-icon-element-1 fb-icon-element fontawesome-icon psychology-thumb circle-no\" style=\"--awb-font-size:55px;--awb-align-self:center;--awb-margin-top:0px;--awb-margin-right:0px;--awb-margin-bottom:30px;--awb-margin-left:0px;\"><\/i><div class=\"fusion-title title fusion-title-3 fusion-sep-none fusion-title-center fusion-title-text fusion-title-size-two\" style=\"--awb-text-color:var(--awb-color1);--awb-font-size:32px;\"><h2 class=\"fusion-title-heading title-heading-center\" style=\"margin:0;font-size:1em;\">Vzd\u011bl\u00e1v\u00e1n\u00ed<\/h2><\/div><div class=\"fusion-text fusion-text-3\" style=\"--awb-content-alignment:center;--awb-font-size:17px;--awb-line-height:1.9;--awb-text-color:var(--awb-color1);\"><p>Poskytujeme vzd\u011bl\u00e1vac\u00ed kurzy s r\u016fzn\u00fdmi tematick\u00fdmi okruhy.<\/p>\n<\/div><div style=\"text-align:center;\"><a class=\"fusion-button button-flat button-xlarge button-custom fusion-button-default button-2 fusion-button-default-span fusion-button-default-type\" style=\"--button_accent_color:var(--awb-color1);--button_accent_hover_color:var(--awb-color5);--button_border_hover_color:var(--awb-color5);--button_border_width-top:1px;--button_border_width-right:1px;--button_border_width-bottom:1px;--button_border_width-left:1px;--button_gradient_top_color:rgba(255,255,255,0);--button_gradient_bottom_color:rgba(255,255,255,0);--button_gradient_top_color_hover:var(--awb-color1);--button_gradient_bottom_color_hover:var(--awb-color1);--button_margin-top:20px;\" target=\"_self\" href=\"\/vzdelavani\"><span class=\"fusion-button-text\">V\u00edce o vzd\u011bl\u00e1v\u00e1n\u00ed<\/span><\/a><\/div><\/div><\/div><div class=\"fusion-layout-column fusion_builder_column fusion-builder-column-2 fusion_builder_column_1_3 1_3 fusion-flex-column fusion-animated\" style=\"--awb-padding-top:4vw;--awb-padding-right:2vw;--awb-padding-bottom:4vw;--awb-padding-left:2vw;--awb-padding-top-small:9vw;--awb-padding-right-small:4vw;--awb-padding-bottom-small:9vw;--awb-padding-left-small:4vw;--awb-overflow:hidden;--awb-bg-color:var(--awb-color7);--awb-bg-color-hover:var(--awb-color7);--awb-bg-size:cover;--awb-border-radius:6px 6px 6px 6px;--awb-width-large:33.3333333333%;--awb-margin-top-large:0px;--awb-spacing-right-large:1.25vw;--awb-margin-bottom-large:0px;--awb-spacing-left-large:1.25vw;--awb-width-medium:40%;--awb-order-medium:0;--awb-spacing-right-medium:1.25vw;--awb-spacing-left-medium:1.25vw;--awb-width-small:100%;--awb-order-small:0;--awb-spacing-right-small:1.25vw;--awb-margin-bottom-small:6vw;--awb-spacing-left-small:1.25vw;\" data-animationType=\"fadeInUp\" data-animationDuration=\"1.5\" data-animationOffset=\"top-into-view\"><div class=\"fusion-column-wrapper fusion-column-has-shadow fusion-flex-justify-content-center fusion-content-layout-column\"><i class=\"fb-icon-element-2 fb-icon-element fontawesome-icon psychology-circle circle-no\" style=\"--awb-font-size:55px;--awb-align-self:center;--awb-margin-top:0px;--awb-margin-right:0px;--awb-margin-bottom:30px;--awb-margin-left:0px;\"><\/i><div class=\"fusion-title title fusion-title-4 fusion-sep-none fusion-title-center fusion-title-text fusion-title-size-two\" style=\"--awb-text-color:var(--awb-color1);--awb-font-size:32px;\"><h2 class=\"fusion-title-heading title-heading-center\" style=\"margin:0;font-size:1em;\">Ob\u010dansk\u00e1 poradna<\/h2><\/div><div class=\"fusion-text fusion-text-4\" style=\"--awb-content-alignment:center;--awb-font-size:17px;--awb-line-height:1.9;--awb-text-color:var(--awb-color1);\"><p>Poradenstv\u00ed pro v\u0161echny, kdo jsou v obt\u00ed\u017en\u00e9 situaci. Jsme registrovan\u00e1 soci\u00e1ln\u00ed slu\u017eba. <\/p>\n<\/div><div style=\"text-align:center;\"><a class=\"fusion-button button-flat button-xlarge button-custom fusion-button-default button-3 fusion-button-default-span fusion-button-default-type\" style=\"--button_accent_color:var(--awb-color1);--button_accent_hover_color:var(--awb-color7);--button_border_hover_color:var(--awb-color7);--button_border_width-top:1px;--button_border_width-right:1px;--button_border_width-bottom:1px;--button_border_width-left:1px;--button_gradient_top_color:rgba(255,255,255,0);--button_gradient_bottom_color:rgba(255,255,255,0);--button_gradient_top_color_hover:var(--awb-color1);--button_gradient_bottom_color_hover:var(--awb-color1);--button_margin-top:20px;\" target=\"_self\" href=\"\/poradenstvi\"><span class=\"fusion-button-text\">V\u00edce o ob\u010dansk\u00e9 poradn\u011b<\/span><\/a><\/div><\/div><\/div><div class=\"fusion-layout-column fusion_builder_column fusion-builder-column-3 fusion_builder_column_1_3 1_3 fusion-flex-column fusion-column-inner-bg-wrapper fusion-animated\" style=\"--awb-padding-top:4vw;--awb-padding-right:3vw;--awb-padding-bottom:4vw;--awb-padding-left:3vw;--awb-overflow:hidden;--awb-inner-bg-position:center top;--awb-inner-bg-blend:color;--awb-inner-bg-size:cover;--awb-border-radius:6px 6px 6px 6px;--awb-inner-bg-border-radius:6px 6px 6px 6px;--awb-inner-bg-overflow:hidden;--awb-filter:saturate(100%) sepia(0%);--awb-filter-transition:filter 0.3s ease;--awb-filter-hover:saturate(133%) sepia(34%);--awb-width-large:33.3333333333%;--awb-margin-top-large:0px;--awb-spacing-right-large:1.25vw;--awb-margin-bottom-large:0px;--awb-spacing-left-large:1.25vw;--awb-width-medium:20%;--awb-order-medium:0;--awb-spacing-right-medium:1.25vw;--awb-spacing-left-medium:1.25vw;--awb-width-small:100%;--awb-order-small:0;--awb-spacing-right-small:1.25vw;--awb-spacing-left-small:1.25vw;\" data-animationType=\"fadeInUp\" data-animationDuration=\"2.0\" data-animationOffset=\"top-into-view\"><span class=\"fusion-column-inner-bg hover-type-zoomin\"><a class=\"fusion-column-anchor\" href=\"#\"><span class=\"fusion-column-inner-bg-image lazyload\" data-bg=\"http:\/\/decko.webinson.cz\/decko\/wp-content\/uploads\/2020\/10\/banner-23.jpg\"><\/span><\/a><\/span><div class=\"fusion-column-wrapper fusion-column-has-shadow fusion-flex-justify-content-flex-start fusion-content-layout-column fusion-column-has-bg-image\" data-bg-url=\"http:\/\/decko.webinson.cz\/decko\/wp-content\/uploads\/2020\/10\/banner-23.jpg\"><div class=\"fusion-separator fusion-no-medium-visibility fusion-no-large-visibility fusion-full-width-sep\" style=\"align-self: center;margin-left: auto;margin-right: auto;margin-top:22vw;margin-bottom:22vw;width:100%;\"><\/div><\/div><\/div><\/div><\/div><div class=\"fusion-fullwidth fullwidth-box fusion-builder-row-3 fusion-flex-container has-pattern-background has-mask-background nonhundred-percent-fullwidth non-hundred-percent-height-scrolling\" style=\"--awb-border-radius-top-left:0px;--awb-border-radius-top-right:0px;--awb-border-radius-bottom-right:0px;--awb-border-radius-bottom-left:0px;--awb-background-color:var(--awb-color2);--awb-flex-wrap:wrap;\" ><div class=\"fusion-builder-row fusion-row fusion-flex-align-items-flex-start fusion-flex-content-wrap\" style=\"max-width:1365px;margin-left: calc(-5% \/ 2 );margin-right: calc(-5% \/ 2 );\"><div class=\"fusion-layout-column fusion_builder_column fusion-builder-column-4 fusion_builder_column_1_2 1_2 fusion-flex-column\" style=\"--awb-bg-size:cover;--awb-width-large:50%;--awb-margin-top-large:0px;--awb-spacing-right-large:4.75%;--awb-margin-bottom-large:20px;--awb-spacing-left-large:4.75%;--awb-width-medium:50%;--awb-order-medium:0;--awb-spacing-right-medium:4.75%;--awb-spacing-left-medium:4.75%;--awb-width-small:100%;--awb-order-small:0;--awb-spacing-right-small:2.375%;--awb-spacing-left-small:2.375%;\"><div class=\"fusion-column-wrapper fusion-column-has-shadow fusion-flex-justify-content-flex-start fusion-content-layout-column\"><div class=\"fusion-image-element \" style=\"--awb-caption-title-font-family:var(--h2_typography-font-family);--awb-caption-title-font-weight:var(--h2_typography-font-weight);--awb-caption-title-font-style:var(--h2_typography-font-style);--awb-caption-title-size:var(--h2_typography-font-size);--awb-caption-title-transform:var(--h2_typography-text-transform);--awb-caption-title-line-height:var(--h2_typography-line-height);--awb-caption-title-letter-spacing:var(--h2_typography-letter-spacing);\"><span class=\" fusion-imageframe imageframe-none imageframe-1 hover-type-none\"><img decoding=\"async\" width=\"1280\" height=\"853\" title=\"consulting-g28335f7a7_1280\" src=\"https:\/\/decko.webinson.cz\/decko\/wp-content\/uploads\/2023\/07\/consulting-g28335f7a7_1280.jpg\" data-orig-src=\"http:\/\/decko.webinson.cz\/decko\/wp-content\/uploads\/2023\/07\/consulting-g28335f7a7_1280.jpg\" alt class=\"lazyload img-responsive wp-image-2029\" srcset=\"data:image\/svg+xml,%3Csvg%20xmlns%3D%27http%3A%2F%2Fwww.w3.org%2F2000%2Fsvg%27%20width%3D%271280%27%20height%3D%27853%27%20viewBox%3D%270%200%201280%20853%27%3E%3Crect%20width%3D%271280%27%20height%3D%27853%27%20fill-opacity%3D%220%22%2F%3E%3C%2Fsvg%3E\" data-srcset=\"https:\/\/decko.webinson.cz\/decko\/wp-content\/uploads\/2023\/07\/consulting-g28335f7a7_1280-200x133.jpg 200w, https:\/\/decko.webinson.cz\/decko\/wp-content\/uploads\/2023\/07\/consulting-g28335f7a7_1280-400x267.jpg 400w, https:\/\/decko.webinson.cz\/decko\/wp-content\/uploads\/2023\/07\/consulting-g28335f7a7_1280-600x400.jpg 600w, https:\/\/decko.webinson.cz\/decko\/wp-content\/uploads\/2023\/07\/consulting-g28335f7a7_1280-800x533.jpg 800w, https:\/\/decko.webinson.cz\/decko\/wp-content\/uploads\/2023\/07\/consulting-g28335f7a7_1280-1200x800.jpg 1200w, https:\/\/decko.webinson.cz\/decko\/wp-content\/uploads\/2023\/07\/consulting-g28335f7a7_1280.jpg 1280w\" data-sizes=\"auto\" data-orig-sizes=\"(max-width: 700px) 100vw, 600px\" \/><\/span><\/div><\/div><\/div><div class=\"fusion-layout-column fusion_builder_column fusion-builder-column-5 fusion_builder_column_1_2 1_2 fusion-flex-column\" style=\"--awb-bg-size:cover;--awb-width-large:50%;--awb-margin-top-large:0px;--awb-spacing-right-large:4.75%;--awb-margin-bottom-large:20px;--awb-spacing-left-large:4.75%;--awb-width-medium:50%;--awb-order-medium:0;--awb-spacing-right-medium:4.75%;--awb-spacing-left-medium:4.75%;--awb-width-small:100%;--awb-order-small:0;--awb-spacing-right-small:2.375%;--awb-spacing-left-small:2.375%;\"><div class=\"fusion-column-wrapper fusion-column-has-shadow fusion-flex-justify-content-flex-start fusion-content-layout-column\"><div class=\"fusion-title title fusion-title-5 fusion-sep-none fusion-title-center fusion-title-text fusion-title-size-two\" style=\"--awb-text-color:var(--awb-color5);--awb-font-size:32px;\"><h2 class=\"fusion-title-heading title-heading-center\" style=\"margin:0;font-size:1em;\">O n\u00e1s<\/h2><\/div><div class=\"fusion-separator fusion-has-icon\" style=\"align-self: center;margin-left: auto;margin-right: auto;margin-bottom:10px;width:100%;max-width:250px;\"><div class=\"fusion-separator-border sep-single sep-solid\" style=\"--awb-height:20px;--awb-amount:20px;--awb-sep-color:var(--awb-color7);border-color:var(--awb-color7);border-top-width:1px;\"><\/div><span class=\"icon-wrapper\" style=\"border-color:var(--awb-color7);background-color:rgba(255,255,255,0);font-size:16px;width: 1.75em; height: 1.75em;border-width:1px;padding:1px;margin-top:-0.5px\"><i class=\"fa-circle fas\" style=\"font-size: inherit;color:var(--awb-color4);\" aria-hidden=\"true\"><\/i><\/span><div class=\"fusion-separator-border sep-single sep-solid\" style=\"--awb-height:20px;--awb-amount:20px;--awb-sep-color:var(--awb-color7);border-color:var(--awb-color7);border-top-width:1px;\"><\/div><\/div><div class=\"fusion-text fusion-text-5\"><p style=\"text-align: left; color: var(--awb-color5);\">D&#8220; &#8230; jako D\u00e9\u010dko Liberec, synonymum pro d\u016fv\u011bru a podporu ji\u017e od roku 1998. Jsme tu p\u0159edev\u0161\u00edm proto, abychom rozv\u00edjeli psychosoci\u00e1ln\u00ed slu\u017eby v regionu a podporovali vzd\u011bl\u00e1v\u00e1n\u00ed ve\u0159ejnosti v krizov\u00e9 pomoci. Iniciovali jsme vznik ob\u010dansk\u00e9 poradny a poradny pro ob\u011bti trestn\u00fdch \u010din\u016f, kter\u00e9 slou\u017e\u00ed ob\u010dan\u016fm Libereck\u00e9ho kraje.<\/p>\n<\/div><div style=\"text-align:center;\"><a class=\"fusion-button button-flat button-xlarge button-custom fusion-button-default button-4 fusion-button-default-span fusion-button-default-type\" style=\"--button_accent_color:var(--awb-color7);--button_border_color:var(--awb-color5);--button_accent_hover_color:var(--awb-color1);--button_border_hover_color:var(--awb-color1);--button_border_width-top:1px;--button_border_width-right:1px;--button_border_width-bottom:1px;--button_border_width-left:1px;--button_gradient_top_color:var(--awb-color1);--button_gradient_bottom_color:var(--awb-color1);--button_gradient_top_color_hover:var(--awb-color5);--button_gradient_bottom_color_hover:var(--awb-color5);--button_margin-top:30px;\" target=\"_self\" href=\"\/o-nas\"><span class=\"fusion-button-text\">V\u00edce informac\u00ed o n\u00e1s<\/span><\/a><\/div><\/div><\/div><div class=\"fusion-layout-column fusion_builder_column fusion-builder-column-6 fusion_builder_column_1_1 1_1 fusion-flex-column\" style=\"--awb-padding-top:30px;--awb-bg-size:cover;--awb-width-large:100%;--awb-margin-top-large:54px;--awb-spacing-right-large:2.375%;--awb-margin-bottom-large:20px;--awb-spacing-left-large:2.375%;--awb-width-medium:100%;--awb-order-medium:0;--awb-spacing-right-medium:2.375%;--awb-spacing-left-medium:2.375%;--awb-width-small:100%;--awb-order-small:0;--awb-spacing-right-small:2.375%;--awb-spacing-left-small:2.375%;\"><div class=\"fusion-column-wrapper fusion-column-has-shadow fusion-flex-justify-content-flex-start fusion-content-layout-column\"><div class=\"fusion-separator fusion-has-icon\" style=\"align-self: center;margin-left: auto;margin-right: auto;margin-bottom:50px;width:100%;max-width:1200px;\"><div class=\"fusion-separator-border sep-single sep-solid\" style=\"--awb-height:20px;--awb-amount:20px;--awb-sep-color:var(--awb-color7);border-color:var(--awb-color7);border-top-width:1px;\"><\/div><span class=\"icon-wrapper\" style=\"border-color:var(--awb-color7);background-color:rgba(255,255,255,0);font-size:16px;width: 1.75em; height: 1.75em;border-width:1px;padding:1px;margin-top:-0.5px\"><i class=\"fa-circle fas\" style=\"font-size: inherit;color:var(--awb-color4);\" aria-hidden=\"true\"><\/i><\/span><div class=\"fusion-separator-border sep-single sep-solid\" style=\"--awb-height:20px;--awb-amount:20px;--awb-sep-color:var(--awb-color7);border-color:var(--awb-color7);border-top-width:1px;\"><\/div><\/div><div class=\"fusion-text fusion-text-6\"><h2 style=\"text-align: center;\">Aktuality<\/h2>\n<\/div><div class=\"fusion-blog-shortcode fusion-blog-shortcode-1 fusion-blog-archive fusion-blog-layout-grid-wrapper fusion-blog-no\"><style type=\"text\/css\">.fusion-blog-shortcode-1 .fusion-blog-layout-grid .fusion-post-grid{padding:35px;}.fusion-blog-shortcode-1 .fusion-posts-container{margin-left: -35px !important; margin-right:-35px !important;}<\/style><div class=\"fusion-posts-container fusion-posts-container-no fusion-blog-rollover fusion-blog-layout-grid fusion-blog-layout-grid-3 isotope\" data-pages=\"1\" data-grid-col-space=\"70\" style=\"margin: -35px -35px 0;min-height:500px;\"><article id=\"blog-1-post-1978\" class=\"fusion-post-grid post-1978 post type-post status-publish format-standard has-post-thumbnail hentry category-aktuality\">\n<div class=\"fusion-post-wrapper\" style=\"background-color:rgba(255,255,255,0);border:none;\">\n\n\t\t\t<div class=\"fusion-flexslider flexslider fusion-flexslider-loading fusion-post-slideshow\" style=\"border-color:rgba(255,255,255,0);\">\n\t\t<ul class=\"slides\">\n\t\t\t\n\t\t\t\t\t\t\t\t\t\t\t\t\t\t<li><div  class=\"fusion-image-wrapper\" aria-haspopup=\"true\">\n\t\t\t\t<img width=\"1280\" height=\"850\" src=\"https:\/\/decko.webinson.cz\/decko\/wp-content\/uploads\/2023\/07\/bookkeeping-g0f294d188_1280.jpg\" class=\"attachment-full size-full lazyload wp-post-image\" alt=\"\" decoding=\"async\" srcset=\"data:image\/svg+xml,%3Csvg%20xmlns%3D%27http%3A%2F%2Fwww.w3.org%2F2000%2Fsvg%27%20width%3D%271280%27%20height%3D%27850%27%20viewBox%3D%270%200%201280%20850%27%3E%3Crect%20width%3D%271280%27%20height%3D%27850%27%20fill-opacity%3D%220%22%2F%3E%3C%2Fsvg%3E\" data-orig-src=\"https:\/\/decko.webinson.cz\/decko\/wp-content\/uploads\/2023\/07\/bookkeeping-g0f294d188_1280.jpg\" data-srcset=\"https:\/\/decko.webinson.cz\/decko\/wp-content\/uploads\/2023\/07\/bookkeeping-g0f294d188_1280-200x133.jpg 200w, https:\/\/decko.webinson.cz\/decko\/wp-content\/uploads\/2023\/07\/bookkeeping-g0f294d188_1280-400x266.jpg 400w, https:\/\/decko.webinson.cz\/decko\/wp-content\/uploads\/2023\/07\/bookkeeping-g0f294d188_1280-600x398.jpg 600w, https:\/\/decko.webinson.cz\/decko\/wp-content\/uploads\/2023\/07\/bookkeeping-g0f294d188_1280-800x531.jpg 800w, https:\/\/decko.webinson.cz\/decko\/wp-content\/uploads\/2023\/07\/bookkeeping-g0f294d188_1280-1200x797.jpg 1200w, https:\/\/decko.webinson.cz\/decko\/wp-content\/uploads\/2023\/07\/bookkeeping-g0f294d188_1280.jpg 1280w\" data-sizes=\"auto\" \/><div class=\"fusion-rollover\">\n\t<div class=\"fusion-rollover-content\">\n\n\t\t\t\t\n\t\t\n\t\t\t\t\t\t\t\t\t\t\t\t<h4 class=\"fusion-rollover-title\">\n\t\t\t\t\t<a class=\"fusion-rollover-title-link\" href=\"https:\/\/decko.webinson.cz\/decko\/2023\/07\/12\/milostive-leto-iii\/\">\n\t\t\t\t\t\tMilostiv\u00e9 l\u00e9to III.\t\t\t\t\t<\/a>\n\t\t\t\t<\/h4>\n\t\t\t\n\t\t\t\t\t\t\t\t\t\t<div class=\"fusion-rollover-categories\"><a href=\"https:\/\/decko.webinson.cz\/decko\/category\/aktuality\/\" rel=\"tag\">Aktuality<\/a><\/div>\t\t\t\t\t\n\t\t\n\t\t\t\t\t\t<a class=\"fusion-link-wrapper\" href=\"https:\/\/decko.webinson.cz\/decko\/2023\/07\/12\/milostive-leto-iii\/\" aria-label=\"Milostiv\u00e9 l\u00e9to III.\"><\/a>\n\t<\/div>\n<\/div>\n<\/div>\n<\/li>\n\t\t\t\n\t\t\t\n\t\t\t\t\t\t\t\t\t\t\t\t\t\t\t\t\t\t\t\t\t\t\t\t\t\t\t\t\t\t\t\t\t\t\t\t\t\t\t\t\t\t\t\t\t\t\t\t\t\t\t\t\t\t\t\t\t\t\t\t\t\t\t\t\t\t\t\t<\/ul>\n\t<\/div>\n\t<div class=\"fusion-post-content-wrapper\" style=\"padding:30px 25px 25px 25px;\"><div class=\"fusion-post-content post-content\"><h2 class=\"blog-shortcode-post-title entry-title\"><a href=\"https:\/\/decko.webinson.cz\/decko\/2023\/07\/12\/milostive-leto-iii\/\">Milostiv\u00e9 l\u00e9to III.<\/a><\/h2><p class=\"fusion-single-line-meta\"><span class=\"vcard\" style=\"display: none;\"><span class=\"fn\"><a href=\"https:\/\/decko.webinson.cz\/decko\/author\/michalfara\/\" title=\"P\u0159\u00edsp\u011bvky od Michal Fara\" rel=\"author\">Michal Fara<\/a><\/span><\/span><span class=\"updated\" style=\"display:none;\">2023-07-31T11:29:34+02:00<\/span><span>12. 7. 2023<\/span><span class=\"fusion-inline-sep\">|<\/span><\/p><\/div><\/div><div class=\"fusion-clearfix\"><\/div><\/div>\n<\/article>\n<div class=\"fusion-clearfix\"><\/div><\/div><\/div><div style=\"text-align:center;\"><a class=\"fusion-button button-flat button-xlarge button-custom fusion-button-default button-5 fusion-button-default-span fusion-button-default-type\" style=\"--button_accent_color:var(--awb-color5);--button_border_color:var(--awb-color5);--button_accent_hover_color:var(--awb-color1);--button_border_hover_color:var(--awb-color1);--button_border_width-top:1px;--button_border_width-right:1px;--button_border_width-bottom:1px;--button_border_width-left:1px;--button_gradient_top_color:var(--awb-color1);--button_gradient_bottom_color:var(--awb-color1);--button_gradient_top_color_hover:var(--awb-color5);--button_gradient_bottom_color_hover:var(--awb-color5);--button_margin-top:30px;\" target=\"_self\" href=\"\/aktuality\"><span class=\"fusion-button-text\">V\u0161echny aktuality<\/span><\/a><\/div><\/div><\/div><\/div><\/div><\/p>\n","protected":false},"excerpt":{"rendered":"","protected":false},"author":2,"featured_media":0,"parent":0,"menu_order":0,"comment_status":"closed","ping_status":"closed","template":"100-width.php","meta":{"content-type":""},"_links":{"self":[{"href":"https:\/\/decko.webinson.cz\/decko\/wp-json\/wp\/v2\/pages\/5"}],"collection":[{"href":"https:\/\/decko.webinson.cz\/decko\/wp-json\/wp\/v2\/pages"}],"about":[{"href":"https:\/\/decko.webinson.cz\/decko\/wp-json\/wp\/v2\/types\/page"}],"author":[{"embeddable":true,"href":"https:\/\/decko.webinson.cz\/decko\/wp-json\/wp\/v2\/users\/2"}],"replies":[{"embeddable":true,"href":"https:\/\/decko.webinson.cz\/decko\/wp-json\/wp\/v2\/comments?post=5"}],"version-history":[{"count":38,"href":"https:\/\/decko.webinson.cz\/decko\/wp-json\/wp\/v2\/pages\/5\/revisions"}],"predecessor-version":[{"id":2233,"href":"https:\/\/decko.webinson.cz\/decko\/wp-json\/wp\/v2\/pages\/5\/revisions\/2233"}],"wp:attachment":[{"href":"https:\/\/decko.webinson.cz\/decko\/wp-json\/wp\/v2\/media?parent=5"}],"curies":[{"name":"wp","href":"https:\/\/api.w.org\/{rel}","templated":true}]}}