{"id":2306,"date":"2023-12-06T10:39:10","date_gmt":"2023-12-06T09:39:10","guid":{"rendered":"http:\/\/decko.webinson.cz\/decko\/?page_id=2306"},"modified":"2023-12-06T21:14:20","modified_gmt":"2023-12-06T20:14:20","slug":"komunikace","status":"publish","type":"page","link":"https:\/\/decko.webinson.cz\/decko\/komunikace\/","title":{"rendered":"Komunikace"},"content":{"rendered":"<div class=\"fusion-fullwidth fullwidth-box fusion-builder-row-1 fusion-flex-container has-pattern-background has-mask-background nonhundred-percent-fullwidth non-hundred-percent-height-scrolling\" style=\"--awb-border-radius-top-left:0px;--awb-border-radius-top-right:0px;--awb-border-radius-bottom-right:0px;--awb-border-radius-bottom-left:0px;--awb-flex-wrap:wrap;\" ><div class=\"fusion-builder-row fusion-row fusion-flex-align-items-flex-start fusion-flex-content-wrap\" style=\"max-width:1365px;margin-left: calc(-5% \/ 2 );margin-right: calc(-5% \/ 2 );\"><div class=\"fusion-layout-column fusion_builder_column fusion-builder-column-0 fusion_builder_column_1_1 1_1 fusion-flex-column\" style=\"--awb-bg-size:cover;--awb-width-large:100%;--awb-margin-top-large:0px;--awb-spacing-right-large:2.375%;--awb-margin-bottom-large:20px;--awb-spacing-left-large:2.375%;--awb-width-medium:100%;--awb-order-medium:0;--awb-spacing-right-medium:2.375%;--awb-spacing-left-medium:2.375%;--awb-width-small:100%;--awb-order-small:0;--awb-spacing-right-small:2.375%;--awb-spacing-left-small:2.375%;\"><div class=\"fusion-column-wrapper fusion-column-has-shadow fusion-flex-justify-content-flex-start fusion-content-layout-column\"><div class=\"fusion-title title fusion-title-1 fusion-sep-none fusion-title-text fusion-title-size-three\" style=\"--awb-text-color:#000000;\"><h3 class=\"fusion-title-heading title-heading-left\" style=\"margin:0;\"><div style=\"text-align: center;\">Jak pe\u010dovat o u\u017eivatele s Alzheimerovou nemoc\u00ed &#8211; \u00favod do t\u00e9matu<\/div><\/h3><\/div><div class=\"fusion-separator fusion-has-icon\" style=\"align-self: center;margin-left: auto;margin-right: auto;margin-bottom:0px;width:100%;max-width:1200px;\"><div class=\"fusion-separator-border sep-single sep-solid\" style=\"--awb-height:20px;--awb-amount:20px;--awb-sep-color:var(--awb-color7);border-color:var(--awb-color7);border-top-width:1px;\"><\/div><span class=\"icon-wrapper\" style=\"border-color:var(--awb-color7);background-color:rgba(255,255,255,0);font-size:16px;width: 1.75em; height: 1.75em;border-width:1px;padding:1px;margin-top:-0.5px\"><i class=\"fa-circle fas\" style=\"font-size: inherit;color:var(--awb-color4);\" aria-hidden=\"true\"><\/i><\/span><div class=\"fusion-separator-border sep-single sep-solid\" style=\"--awb-height:20px;--awb-amount:20px;--awb-sep-color:var(--awb-color7);border-color:var(--awb-color7);border-top-width:1px;\"><\/div><\/div><div class=\"fusion-text fusion-text-1\"><p style=\"color: #000000;\"><b>Akreditace:<\/b> MPSV<\/p>\n<p style=\"color: #000000;\"><b>Rozsah kurzu:<\/b> 8 vyu\u010dovac\u00edch hodin \/45 minut\/, za\u010d\u00e1tek kurzu: 8,30, konec kurzu: 15,30 \/ 30 minutov\u00e1 pauza na ob\u011bd\/<\/p>\n<p style=\"color: #000000;\"><b>Komu je kurz ur\u010den<\/b>: St\u00e1vaj\u00edc\u00edm \u010di za\u010d\u00ednaj\u00edc\u00edm pracovn\u00edk\u016fm, kte\u0159\u00ed se p\u0159i sv\u00e9 pr\u00e1ci setk\u00e1vaj\u00ed s t\u011bmito klienty, nebo jsou p\u0159\u00edmo jejich c\u00edlovou skupinou. Je vyu\u017eiteln\u00fd jako celo\u017eivotn\u00ed vzd\u011bl\u00e1v\u00e1n\u00ed pro soc. pracovn\u00edky, pracovn\u00edky v soc. slu\u017eb\u00e1ch.<\/p>\n<p style=\"color: #000000;\"><b>N\u00e1pl\u0148 kurzu: <\/b>Tento kurz je \u00favodem do problematiky p\u00e9\u010de o klienty s Alzheimerovou nemoc\u00ed. C\u00edlem kurzu je sezn\u00e1mit pracovn\u00edky v soci\u00e1ln\u00edch slu\u017eb\u00e1ch s r\u016fzn\u00fdmi typy demenc\u00ed Alzheimerova typu, p\u0159\u00ed\u010dinami, projevy, se z\u00e1sadami p\u00e9\u010de o u\u017eivatele s demenc\u00ed a doporu\u010den\u00fdmi postupy pro nav\u00e1z\u00e1n\u00ed efektivn\u00ed komunikace a jej\u00ed usnadn\u011bn\u00ed. \u00da\u010dastn\u00edci kurzu z\u00edskaj\u00ed dovednosti v rozli\u0161en\u00ed st\u00e1dia demence dle projev\u016f a chov\u00e1n\u00ed u\u017eivatele, takt\u00e9\u017e z\u00edskaj\u00ed poznatky o aktu\u00e1ln\u00ed nab\u00eddce slu\u017eeb v \u010cR pro klienty trp\u00edc\u00ed demenc\u00ed a jejich bl\u00edzk\u00e9.<\/p>\n<p style=\"color: #000000;\"><b>Forma kurzu: <\/b>Teoretick\u00e9 p\u0159edn\u00e1\u0161ky, interaktivn\u00ed kurz<\/p>\n<p style=\"color: #000000;\"><b>Lektor:<\/b> Mgr. Dagmar Svobodov\u00e1<\/p>\n<p style=\"color: #000000;\"><b>Term\u00edny kon\u00e1n\u00ed kurzu:<\/b> neur\u010deno<\/p>\n<p style=\"color: #000000;\"><b>uz\u00e1v\u011brka p\u0159ihl\u00e1\u0161ek: <\/b>ur\u010deno podle data zah\u00e1jen\u00ed<\/p>\n<p style=\"color: #000000;\"><b> \u010d\u00edslo kurzu:<\/b> neur\u010deno<\/p>\n<p style=\"color: #000000;\"><b> Cena kurzu: <\/b>1 700,- K\u010d (pln\u011bn\u00ed je osvobozeno od DPH)<\/p>\n<p style=\"color: #000000;\"><b> Podm\u00ednky k z\u00edsk\u00e1n\u00ed akreditovan\u00e9ho osv\u011bd\u010den\u00ed: <\/b>K z\u00edsk\u00e1n\u00ed akreditovan\u00e9ho osv\u011bd\u010den\u00ed je nutn\u00e1 100% doch\u00e1zka.<\/p>\n<p style=\"color: #000000;\"><b>Kurz bude otev\u0159en p\u0159i minim\u00e1ln\u00edm po\u010dtu 5 \u00fa\u010dastn\u00edk\u016f.<\/b><\/p>\n<\/div><div style=\"text-align:center;\"><a class=\"fusion-button button-flat button-xlarge button-default fusion-button-default button-1 fusion-button-default-span fusion-button-default-type\" target=\"_self\" href=\"kontakty\"><span class=\"fusion-button-text\">Kontaktujte n\u00e1s<\/span><\/a><\/div><\/div><\/div><div class=\"fusion-layout-column fusion_builder_column fusion-builder-column-1 fusion_builder_column_1_1 1_1 fusion-flex-column\" style=\"--awb-bg-size:cover;--awb-width-large:100%;--awb-margin-top-large:0px;--awb-spacing-right-large:2.375%;--awb-margin-bottom-large:20px;--awb-spacing-left-large:2.375%;--awb-width-medium:100%;--awb-order-medium:0;--awb-spacing-right-medium:2.375%;--awb-spacing-left-medium:2.375%;--awb-width-small:100%;--awb-order-small:0;--awb-spacing-right-small:2.375%;--awb-spacing-left-small:2.375%;\"><div class=\"fusion-column-wrapper fusion-column-has-shadow fusion-flex-justify-content-flex-start fusion-content-layout-column\"><div class=\"fusion-title title fusion-title-2 fusion-sep-none fusion-title-text fusion-title-size-three\" style=\"--awb-text-color:#000000;\"><h3 class=\"fusion-title-heading title-heading-left\" style=\"margin:0;\"><div style=\"text-align: center;\">\u00davod do obt\u00ed\u017en\u00fdch komunika\u010dn\u00edch situac\u00ed p\u0159i pr\u00e1ci s klienty<\/div><\/h3><\/div><div class=\"fusion-separator fusion-has-icon\" style=\"align-self: center;margin-left: auto;margin-right: auto;margin-bottom:0px;width:100%;max-width:1200px;\"><div class=\"fusion-separator-border sep-single sep-solid\" style=\"--awb-height:20px;--awb-amount:20px;--awb-sep-color:var(--awb-color7);border-color:var(--awb-color7);border-top-width:1px;\"><\/div><span class=\"icon-wrapper\" style=\"border-color:var(--awb-color7);background-color:rgba(255,255,255,0);font-size:16px;width: 1.75em; height: 1.75em;border-width:1px;padding:1px;margin-top:-0.5px\"><i class=\"fa-circle fas\" style=\"font-size: inherit;color:var(--awb-color4);\" aria-hidden=\"true\"><\/i><\/span><div class=\"fusion-separator-border sep-single sep-solid\" style=\"--awb-height:20px;--awb-amount:20px;--awb-sep-color:var(--awb-color7);border-color:var(--awb-color7);border-top-width:1px;\"><\/div><\/div><div class=\"fusion-text fusion-text-2\"><p style=\"color: #000000;\"><b>Akreditace:<\/b> MPSV<\/p>\n<p style=\"color: #000000;\"><b>Rozsah kurzu:<\/b> 8 vyu\u010dovac\u00edch hodin \/45 minut\/, za\u010d\u00e1tek kurzu: 8,30, konec kurzu: 15,30 \/ 30 minutov\u00e1 pauza na ob\u011bd\/<\/p>\n<p style=\"color: #000000;\"><b>Komu je kurz ur\u010den:<\/b> Kurz je ur\u010den pro pracovn\u00edky v soci\u00e1ln\u00edch slu\u017eb\u00e1ch, soci\u00e1ln\u00ed pracovn\u00edky, studenty humanitn\u00edch obor\u016f, kte\u0159\u00ed pot\u0159ebuj\u00ed rozv\u00edjet komunika\u010dn\u00ed dovednosti se zam\u011b\u0159en\u00edm na obt\u00ed\u017en\u00e9 situace v komunikaci.<\/p>\n<p style=\"color: #000000;\"><b>N\u00e1pl\u0148 kurzu:<\/b> \u00da\u010dastn\u00edci se v pr\u016fb\u011bhu kurzu dozv\u00ed, jak\u00e9 jsou nej\u010dast\u011bj\u0161\u00ed komunika\u010dn\u00ed pasti p\u0159i veden\u00ed kontaktu s klientem. Uv\u011bdom\u00ed si vlastn\u00ed schopnosti a dovednosti, o kter\u00e9 se op\u00edraj\u00ed p\u0159i probl\u00e9mov\u00e9 komunikaci s u\u017eivatelem slu\u017eby. Pomoc\u00ed p\u0159ehledu psychopatologick\u00fdch vzorc\u016f se dozv\u00ed o z\u00e1sad\u00e1ch komunikace s klienty s psychopatologick\u00fdmi rysy v chov\u00e1n\u00ed.<\/p>\n<p style=\"color: #000000;\"><b>Forma kurzu:<\/b> Interaktivn\u00ed p\u0159edn\u00e1\u0161ka, praktick\u00e9 n\u00e1cviky, modelov\u00e9 situace<\/p>\n<p style=\"color: #000000;\"><b>Lektor:<\/b> Mgr. Lucie Herm\u00e1nkov\u00e1, Mgr. Vendula Kol\u00e1\u0159ov\u00e1, MUDr. Valerie \u0160t\u00e1fkov\u00e1<\/p>\n<p style=\"color: #000000;\"><b>Term\u00edny kon\u00e1n\u00ed kurzu: <\/b> neur\u010deno<\/p>\n<p style=\"color: #000000;\"><b>uz\u00e1v\u011brka p\u0159ihl\u00e1\u0161ek<\/b>: ur\u010deno podle data zah\u00e1jen\u00ed<\/p>\n<p style=\"color: #000000;\"><b> \u010d\u00edslo kurzu:<\/b> neur\u010deno<\/p>\n<p style=\"color: #000000;\"><b> Cena kurzu: <\/b>1 700,- K\u010d (pln\u011bn\u00ed je osvobozeno od DPH)<\/p>\n<p style=\"color: #000000;\"><b> Podm\u00ednky k z\u00edsk\u00e1n\u00ed akreditovan\u00e9ho osv\u011bd\u010den\u00ed:<\/b> K z\u00edsk\u00e1n\u00ed akreditovan\u00e9ho osv\u011bd\u010den\u00ed je nutn\u00e1 100% doch\u00e1zka.<\/p>\n<p style=\"color: #000000;\"><b>Kurz bude otev\u0159en p\u0159i minim\u00e1ln\u00edm po\u010dtu 5 \u00fa\u010dastn\u00edk\u016f.<\/b><\/p>\n<\/div><div style=\"text-align:center;\"><a class=\"fusion-button button-flat button-xlarge button-default fusion-button-default button-2 fusion-button-default-span fusion-button-default-type\" target=\"_self\" href=\"kontakty\"><span class=\"fusion-button-text\">Kontaktujte n\u00e1s<\/span><\/a><\/div><\/div><\/div><div class=\"fusion-layout-column fusion_builder_column fusion-builder-column-2 fusion_builder_column_1_1 1_1 fusion-flex-column\" style=\"--awb-bg-size:cover;--awb-width-large:100%;--awb-margin-top-large:0px;--awb-spacing-right-large:2.375%;--awb-margin-bottom-large:20px;--awb-spacing-left-large:2.375%;--awb-width-medium:100%;--awb-order-medium:0;--awb-spacing-right-medium:2.375%;--awb-spacing-left-medium:2.375%;--awb-width-small:100%;--awb-order-small:0;--awb-spacing-right-small:2.375%;--awb-spacing-left-small:2.375%;\"><div class=\"fusion-column-wrapper fusion-column-has-shadow fusion-flex-justify-content-flex-start fusion-content-layout-column\"><div class=\"fusion-title title fusion-title-3 fusion-sep-none fusion-title-text fusion-title-size-three\" style=\"--awb-text-color:#000000;\"><h3 class=\"fusion-title-heading title-heading-left\" style=\"margin:0;\"><div style=\"text-align: center;\">\n<p>Antistresov\u00e9 relaxa\u010dn\u00ed techniky a pr\u00e1ce s t\u011blem &#8211; \u00favod do t\u00e9matu<\/p>\n<\/div><\/h3><\/div><div class=\"fusion-separator fusion-has-icon\" style=\"align-self: center;margin-left: auto;margin-right: auto;margin-bottom:0px;width:100%;max-width:1200px;\"><div class=\"fusion-separator-border sep-single sep-solid\" style=\"--awb-height:20px;--awb-amount:20px;--awb-sep-color:var(--awb-color7);border-color:var(--awb-color7);border-top-width:1px;\"><\/div><span class=\"icon-wrapper\" style=\"border-color:var(--awb-color7);background-color:rgba(255,255,255,0);font-size:16px;width: 1.75em; height: 1.75em;border-width:1px;padding:1px;margin-top:-0.5px\"><i class=\"fa-circle fas\" style=\"font-size: inherit;color:var(--awb-color4);\" aria-hidden=\"true\"><\/i><\/span><div class=\"fusion-separator-border sep-single sep-solid\" style=\"--awb-height:20px;--awb-amount:20px;--awb-sep-color:var(--awb-color7);border-color:var(--awb-color7);border-top-width:1px;\"><\/div><\/div><div class=\"fusion-text fusion-text-3\"><p style=\"color: #000000;\"><b>Akreditace:<\/b> MPSV<\/p>\n<p style=\"color: #000000;\"><b>Rozsah kurzu:<\/b> 8 vyu\u010dovac\u00edch hodin \/45 minut\/, za\u010d\u00e1tek kurzu: 8,30, konec kurzu: 15,30 \/ 30 minutov\u00e1 pauza na ob\u011bd\/<\/p>\n<p style=\"color: #000000;\"><b>Komu je kurz ur\u010den: <\/b>Kurz je ur\u010den pro \u0161irok\u00e9 spektrum pracovn\u00edk\u016f, kte\u0159\u00ed jsou \u010dasto vystaven\u00ed stresov\u00fdm situac\u00edm, p\u0159edev\u0161\u00edm pak pro pracovn\u00edky ze soci\u00e1ln\u00edch obor\u016f a pracovn\u00edky ze zdravotnictv\u00ed.<\/p>\n<p style=\"color: #000000;\"><b>N\u00e1pl\u0148 kurzu: <\/b>C\u00edlem kurzu je prohlouben\u00ed znalost\u00ed v oblasti prevence stresu a psychohygieny. Pomoc\u00ed z\u00e1\u017eitkov\u00fdch metod a praktick\u00fdch n\u00e1cvik\u016f si osvoj\u00ed techniky, kter\u00e9 stresov\u00e9 nap\u011bt\u00ed pom\u00e1haj\u00ed sni\u017eovat nebo stresu p\u0159\u00edmo p\u0159edch\u00e1zej\u00ed. V pr\u016fb\u011bhu cel\u00e9ho kurzu je kladen d\u016fraz na uv\u011bdom\u011bn\u00ed si vztahu t\u011bla a mysli a na rozpozn\u00e1v\u00e1n\u00ed vlivu stresu na psychickou a t\u011blesnou str\u00e1nku \u010dlov\u011bka.<\/p>\n<p style=\"color: #000000;\"><b>Forma kurzu: <\/b>Interaktivn\u00ed p\u0159edn\u00e1\u0161ka, praktick\u00e1 cvi\u010den\u00ed relaxace<\/p>\n<p style=\"color: #000000;\"><b>Lektor:<\/b> Mgr. Kamila Novotn\u00e1, Mgr. Vendula Kol\u00e1\u0159ov\u00e1, MUDr. Marie Janovsk\u00e1<\/p>\n<p style=\"color: #000000;\"><b>Term\u00edny kon\u00e1n\u00ed kurzu:<\/b> neur\u010deno<\/p>\n<p style=\"color: #000000;\"><b>uz\u00e1v\u011brka p\u0159ihl\u00e1\u0161ek:<\/b> ur\u010deno podle data zah\u00e1jen\u00ed<\/p>\n<p style=\"color: #000000;\"><b> \u010d\u00edslo kurzu:<\/b> neur\u010deno<\/p>\n<p style=\"color: #000000;\"><b> Cena kurzu: <\/b>1 700,- K\u010d (pln\u011bn\u00ed je osvobozeno od DPH)<\/p>\n<p style=\"color: #000000;\"><b> Podm\u00ednky k z\u00edsk\u00e1n\u00ed akreditovan\u00e9ho osv\u011bd\u010den\u00ed:<\/b> K z\u00edsk\u00e1n\u00ed akreditovan\u00e9ho osv\u011bd\u010den\u00ed je nutn\u00e1 100% doch\u00e1zka.<\/p>\n<p style=\"color: #000000;\"><b>Kurz bude otev\u0159en p\u0159i minim\u00e1ln\u00edm po\u010dtu 5 \u00fa\u010dastn\u00edk\u016f.<\/b><\/p>\n<\/div><div style=\"text-align:center;\"><a class=\"fusion-button button-flat button-xlarge button-default fusion-button-default button-3 fusion-button-default-span fusion-button-default-type\" target=\"_self\" href=\"kontakty\"><span class=\"fusion-button-text\">Kontaktujte n\u00e1s<\/span><\/a><\/div><\/div><\/div><div class=\"fusion-layout-column fusion_builder_column fusion-builder-column-3 fusion_builder_column_1_1 1_1 fusion-flex-column\" style=\"--awb-bg-size:cover;--awb-width-large:100%;--awb-margin-top-large:0px;--awb-spacing-right-large:2.375%;--awb-margin-bottom-large:20px;--awb-spacing-left-large:2.375%;--awb-width-medium:100%;--awb-order-medium:0;--awb-spacing-right-medium:2.375%;--awb-spacing-left-medium:2.375%;--awb-width-small:100%;--awb-order-small:0;--awb-spacing-right-small:2.375%;--awb-spacing-left-small:2.375%;\"><div class=\"fusion-column-wrapper fusion-column-has-shadow fusion-flex-justify-content-flex-start fusion-content-layout-column\"><div class=\"fusion-title title fusion-title-4 fusion-sep-none fusion-title-text fusion-title-size-three\" style=\"--awb-text-color:#000000;\"><h3 class=\"fusion-title-heading title-heading-left\" style=\"margin:0;\"><div style=\"text-align: center;\">Dom\u00e1c\u00ed p\u00e9\u010de I. &#8211; \u00favod do problematiky ter\u00e9nn\u00edch soci\u00e1ln\u00edch slu\u017eeb<\/div><\/h3><\/div><div class=\"fusion-separator fusion-has-icon\" style=\"align-self: center;margin-left: auto;margin-right: auto;margin-bottom:0px;width:100%;max-width:1200px;\"><div class=\"fusion-separator-border sep-single sep-solid\" style=\"--awb-height:20px;--awb-amount:20px;--awb-sep-color:var(--awb-color7);border-color:var(--awb-color7);border-top-width:1px;\"><\/div><span class=\"icon-wrapper\" style=\"border-color:var(--awb-color7);background-color:rgba(255,255,255,0);font-size:16px;width: 1.75em; height: 1.75em;border-width:1px;padding:1px;margin-top:-0.5px\"><i class=\"fa-circle fas\" style=\"font-size: inherit;color:var(--awb-color4);\" aria-hidden=\"true\"><\/i><\/span><div class=\"fusion-separator-border sep-single sep-solid\" style=\"--awb-height:20px;--awb-amount:20px;--awb-sep-color:var(--awb-color7);border-color:var(--awb-color7);border-top-width:1px;\"><\/div><\/div><div class=\"fusion-text fusion-text-4\"><p style=\"color: #000000;\"><b>Akreditace: <\/b> MPSV<\/p>\n<p style=\"color: #000000;\"><b>Rozsah kurzu:<\/b> 8 vyu\u010dovac\u00edch hodin \/45 minut\/, za\u010d\u00e1tek kurzu: 8,30, konec kurzu: 15,30 \/ 30 minutov\u00e1 pauza na ob\u011bd\/<\/p>\n<p style=\"color: #000000;\"><b>Komu je kurz ur\u010den:<\/b> Kurz je ur\u010den pro pracovn\u00edky ze soci\u00e1ln\u00edch obor\u016f, zejm\u00e9na ter\u00e9nn\u00edch soc. slu\u017eeb, ale tak\u00e9 pro pracovn\u00edky ze zdravotnictv\u00ed, poskytuj\u00edc\u00ed zdravotn\u00ed p\u00e9\u010di v ter\u00e9nu. Kurz je ur\u010den tak\u00e9 pro neform\u00e1ln\u00ed pe\u010dovatele o bl\u00edzkou osobu.<\/p>\n<p style=\"color: #000000;\"><b>N\u00e1pl\u0148 kurzu:<\/b> N\u00e1\u0161 \u00favodn\u00ed vzd\u011bl\u00e1vac\u00ed program by m\u011bl frekventanty sezn\u00e1mit se z\u00e1klady dom\u00e1c\u00ed p\u00e9\u010de v p\u0159irozen\u00e9m prost\u0159ed\u00ed klienta, z\u00e1rove\u0148 by m\u011bl na\u0161e frekventanty p\u0159ipravit na specifika dom\u00e1c\u00ed p\u00e9\u010de v p\u0159irozen\u00e9m prost\u0159ed\u00ed klienta. Obsahem je z\u00e1kladn\u00ed dom\u00e1c\u00ed p\u00e9\u010de poskytovan\u00e1 u\u017eivatel\u016fm v dom\u00e1c\u00edm prost\u0159ed\u00ed.<\/p>\n<p style=\"color: #000000;\"><b>Forma kurzu<\/b>: Interaktivn\u00ed p\u0159edn\u00e1\u0161ka, praktick\u00e1 cvi\u010den\u00ed relaxace<\/p>\n<p style=\"color: #000000;\"><b>Lektor:<\/b> Mgr. Dagmar Svobodov\u00e1<\/p>\n<p style=\"color: #000000;\"><b>Term\u00edny kon\u00e1n\u00ed kurzu:<\/b> neur\u010deno<\/p>\n<p style=\"color: #000000;\"><b>uz\u00e1v\u011brka p\u0159ihl\u00e1\u0161ek:<\/b> ur\u010deno podle data zah\u00e1jen\u00ed<\/p>\n<p style=\"color: #000000;\"><b> \u010d\u00edslo kurzu:<\/b> neur\u010deno<\/p>\n<p style=\"color: #000000;\"><b> Cena kurzu: <\/b>1 700,- K\u010d (pln\u011bn\u00ed je osvobozeno od DPH)<\/p>\n<p style=\"color: #000000;\"><b> Podm\u00ednky k z\u00edsk\u00e1n\u00ed akreditovan\u00e9ho osv\u011bd\u010den\u00ed:<\/b> K z\u00edsk\u00e1n\u00ed akreditovan\u00e9ho osv\u011bd\u010den\u00ed je nutn\u00e1 100% doch\u00e1zka.<\/p>\n<p style=\"color: #000000;\"><b>Kurz bude otev\u0159en p\u0159i minim\u00e1ln\u00edm po\u010dtu 5 \u00fa\u010dastn\u00edk\u016f.<\/b><\/p>\n<\/div><\/div><\/div><div class=\"fusion-layout-column fusion_builder_column fusion-builder-column-4 fusion_builder_column_1_1 1_1 fusion-flex-column\" style=\"--awb-padding-bottom:28px;--awb-bg-size:cover;--awb-width-large:100%;--awb-margin-top-large:0px;--awb-spacing-right-large:2.375%;--awb-margin-bottom-large:20px;--awb-spacing-left-large:2.375%;--awb-width-medium:100%;--awb-order-medium:0;--awb-spacing-right-medium:2.375%;--awb-spacing-left-medium:2.375%;--awb-width-small:100%;--awb-order-small:0;--awb-spacing-right-small:2.375%;--awb-spacing-left-small:2.375%;\"><div class=\"fusion-column-wrapper fusion-column-has-shadow fusion-flex-justify-content-flex-start fusion-content-layout-column\"><div style=\"text-align:center;\"><a class=\"fusion-button button-flat button-xlarge button-default fusion-button-default button-4 fusion-button-default-span fusion-button-default-type\" target=\"_self\" href=\"kontakty\"><span class=\"fusion-button-text\">Kontaktujte n\u00e1s<\/span><\/a><\/div><\/div><\/div><\/div><\/div>\n","protected":false},"excerpt":{"rendered":"","protected":false},"author":2,"featured_media":0,"parent":0,"menu_order":0,"comment_status":"closed","ping_status":"closed","template":"","meta":{"content-type":""},"_links":{"self":[{"href":"https:\/\/decko.webinson.cz\/decko\/wp-json\/wp\/v2\/pages\/2306"}],"collection":[{"href":"https:\/\/decko.webinson.cz\/decko\/wp-json\/wp\/v2\/pages"}],"about":[{"href":"https:\/\/decko.webinson.cz\/decko\/wp-json\/wp\/v2\/types\/page"}],"author":[{"embeddable":true,"href":"https:\/\/decko.webinson.cz\/decko\/wp-json\/wp\/v2\/users\/2"}],"replies":[{"embeddable":true,"href":"https:\/\/decko.webinson.cz\/decko\/wp-json\/wp\/v2\/comments?post=2306"}],"version-history":[{"count":3,"href":"https:\/\/decko.webinson.cz\/decko\/wp-json\/wp\/v2\/pages\/2306\/revisions"}],"predecessor-version":[{"id":2342,"href":"https:\/\/decko.webinson.cz\/decko\/wp-json\/wp\/v2\/pages\/2306\/revisions\/2342"}],"wp:attachment":[{"href":"https:\/\/decko.webinson.cz\/decko\/wp-json\/wp\/v2\/media?parent=2306"}],"curies":[{"name":"wp","href":"https:\/\/api.w.org\/{rel}","templated":true}]}}