{"id":2249,"date":"2023-12-01T13:38:44","date_gmt":"2023-12-01T12:38:44","guid":{"rendered":"http:\/\/decko.webinson.cz\/decko\/?page_id=2249"},"modified":"2023-12-01T13:39:55","modified_gmt":"2023-12-01T12:39:55","slug":"stiznost","status":"publish","type":"page","link":"https:\/\/decko.webinson.cz\/decko\/stiznost\/","title":{"rendered":"St\u00ed\u017enost"},"content":{"rendered":"<div class=\"fusion-fullwidth fullwidth-box fusion-builder-row-1 fusion-flex-container has-pattern-background has-mask-background nonhundred-percent-fullwidth non-hundred-percent-height-scrolling\" style=\"--awb-border-radius-top-left:0px;--awb-border-radius-top-right:0px;--awb-border-radius-bottom-right:0px;--awb-border-radius-bottom-left:0px;--awb-flex-wrap:wrap;\" ><div class=\"fusion-builder-row fusion-row fusion-flex-align-items-flex-start fusion-flex-content-wrap\" style=\"max-width:1365px;margin-left: calc(-5% \/ 2 );margin-right: calc(-5% \/ 2 );\"><div class=\"fusion-layout-column fusion_builder_column fusion-builder-column-0 fusion_builder_column_1_1 1_1 fusion-flex-column\" style=\"--awb-bg-size:cover;--awb-width-large:100%;--awb-margin-top-large:0px;--awb-spacing-right-large:2.375%;--awb-margin-bottom-large:20px;--awb-spacing-left-large:2.375%;--awb-width-medium:100%;--awb-order-medium:0;--awb-spacing-right-medium:2.375%;--awb-spacing-left-medium:2.375%;--awb-width-small:100%;--awb-order-small:0;--awb-spacing-right-small:2.375%;--awb-spacing-left-small:2.375%;\"><div class=\"fusion-column-wrapper fusion-column-has-shadow fusion-flex-justify-content-flex-start fusion-content-layout-column\"><div class=\"fusion-text fusion-text-1\" style=\"--awb-font-size:17px;--awb-text-color:var(--awb-color8);\"><h3 style=\"color: #212934;\">St\u00ed\u017enost<\/h3>\n<p>Pokud nejste spokojeni s na\u0161imi slu\u017ebami nebo s pracovn\u00edkem, kter\u00fd s V\u00e1mi spolupracuje, m\u016f\u017eete podat st\u00ed\u017enost.<\/p>\n<p><span style=\"font-family: var(--awb-text-font-family); font-size: var(--awb-font-size); font-style: var(--awb-text-font-style); letter-spacing: var(--awb-letter-spacing); text-align: var(--awb-content-alignment); text-transform: var(--awb-text-transform);\">St\u00ed\u017enost m\u016f\u017eete podat jak \u00fastn\u011b, tak p\u00edsemn\u011b. St\u00ed\u017enost nemus\u00ed b\u00fdt ani podeps\u00e1na, pokud si to nep\u0159ejete.<\/span><\/p>\n<p>P\u00edsemnou st\u00ed\u017enost m\u016f\u017eete zaslat na adresu: Ob\u010dansk\u00e1 poradna Liberec, \u0160vermova 32\/35, Liberec, 460 10 nebo ji m\u016f\u017eete vhodit do schr\u00e1nky na st\u00ed\u017enosti, kter\u00e1 je um\u00edst\u011bna v \u010dek\u00e1rn\u011b v s\u00eddle poradny na adrese: \u0160vermova 32\/35, Liberec. St\u00ed\u017enost m\u016f\u017eete zaslat tak\u00e9 e-mailem na adresu: poradna@d-os.net.<\/p>\n<p>P\u0159\u00edpadn\u011b m\u016f\u017eete st\u00ed\u017enost podat \u00fastn\u011b, a to osobn\u011b nebo telefonicky jak\u00e9mukoliv zam\u011bstnanci poradny nebo vedouc\u00ed poradny Ing. Roman\u011b Lakom\u00e9 na tel. 485 152 070, 775 377 657.  <\/p>\n<p>Ve\u0161ker\u00e9 podan\u00e9 st\u00ed\u017enosti se eviduj\u00ed a ka\u017ed\u00e1 st\u00ed\u017enost je pro\u0161et\u0159ena a vy\u0159\u00edzena do 30 dn\u016f. Pouze ve v\u00fdjime\u010dn\u00fdch a od\u016fvodn\u011bn\u00fdch p\u0159\u00edpadech m\u016f\u017ee b\u00fdt tato lh\u016fta prodlou\u017eena a o d\u016fvodu prodlou\u017een\u00ed budete vyrozum\u011bni. <\/p>\n<p>O p\u00edsemn\u00e9 st\u00ed\u017enosti budete vyrozum\u011bni p\u00edsemn\u011b, a to na adresu, kterou jste uvedli ve st\u00ed\u017enosti, p\u0159\u00edpadn\u011b e-mailem. O st\u00ed\u017enosti podan\u00e9 \u00fastn\u011b budete vyrozum\u011bni op\u011bt p\u00edsemn\u011b, a to na adresu, kterou jste uvedli p\u0159i pod\u00e1n\u00ed st\u00ed\u017enosti a je uvedena v p\u00edsemn\u00e9m z\u00e1znamu o st\u00ed\u017enosti nebo e-mailem, p\u0159\u00edpadn\u011b V\u00e1m bude poskytnut k nahl\u00e9dnut\u00ed protokol o vy\u0159\u00edzen\u00ed st\u00ed\u017enosti. <\/p>\n<p>V\u00fdsledek \u0161et\u0159en\u00ed anonymn\u00ed st\u00ed\u017enosti bude vyv\u011b\u0161en po dobu 30 dn\u016f vedle schr\u00e1nky na st\u00ed\u017enosti v s\u00eddle organizace. <\/p>\n<p>Pokud nebudete spokojeni s vy\u0159\u00edzen\u00edm st\u00ed\u017enosti v r\u00e1mci organizace, m\u016f\u017eete se odvolat ke Krajsk\u00e9mu \u00fa\u0159adu Libereck\u00e9ho kraje, odboru soci\u00e1ln\u00edch v\u011bc\u00ed, U Jezu 642\/2a, 461 80 Liberec 2, k Magistr\u00e1tu m\u011bsta Liberce, n\u00e1m. Dr. E. Bene\u0161e 1\/1 460 59 Liberec I, k \u010cesk\u00e9mu helsinsk\u00e9mu v\u00fdboru, adresa: \u0160tef\u00e1nikova 21, 150 00 Praha 5.<\/p>\n<\/div><\/div><\/div><\/div><\/div>\n","protected":false},"excerpt":{"rendered":"","protected":false},"author":2,"featured_media":0,"parent":0,"menu_order":0,"comment_status":"closed","ping_status":"closed","template":"","meta":{"content-type":""},"_links":{"self":[{"href":"https:\/\/decko.webinson.cz\/decko\/wp-json\/wp\/v2\/pages\/2249"}],"collection":[{"href":"https:\/\/decko.webinson.cz\/decko\/wp-json\/wp\/v2\/pages"}],"about":[{"href":"https:\/\/decko.webinson.cz\/decko\/wp-json\/wp\/v2\/types\/page"}],"author":[{"embeddable":true,"href":"https:\/\/decko.webinson.cz\/decko\/wp-json\/wp\/v2\/users\/2"}],"replies":[{"embeddable":true,"href":"https:\/\/decko.webinson.cz\/decko\/wp-json\/wp\/v2\/comments?post=2249"}],"version-history":[{"count":2,"href":"https:\/\/decko.webinson.cz\/decko\/wp-json\/wp\/v2\/pages\/2249\/revisions"}],"predecessor-version":[{"id":2251,"href":"https:\/\/decko.webinson.cz\/decko\/wp-json\/wp\/v2\/pages\/2249\/revisions\/2251"}],"wp:attachment":[{"href":"https:\/\/decko.webinson.cz\/decko\/wp-json\/wp\/v2\/media?parent=2249"}],"curies":[{"name":"wp","href":"https:\/\/api.w.org\/{rel}","templated":true}]}}