{"id":2191,"date":"2023-08-09T13:49:58","date_gmt":"2023-08-09T11:49:58","guid":{"rendered":"http:\/\/decko.webinson.cz\/decko\/?page_id=2191"},"modified":"2023-10-02T15:04:31","modified_gmt":"2023-10-02T13:04:31","slug":"pronajem-prostor","status":"publish","type":"page","link":"https:\/\/decko.webinson.cz\/decko\/pronajem-prostor\/","title":{"rendered":"Pron\u00e1jem prostor"},"content":{"rendered":"<p><div class=\"fusion-fullwidth fullwidth-box fusion-builder-row-1 fusion-flex-container has-pattern-background has-mask-background nonhundred-percent-fullwidth non-hundred-percent-height-scrolling\" style=\"--awb-border-radius-top-left:0px;--awb-border-radius-top-right:0px;--awb-border-radius-bottom-right:0px;--awb-border-radius-bottom-left:0px;--awb-flex-wrap:wrap;\" ><div class=\"fusion-builder-row fusion-row fusion-flex-align-items-flex-start fusion-flex-content-wrap\" style=\"max-width:1365px;margin-left: calc(-5% \/ 2 );margin-right: calc(-5% \/ 2 );\"><div class=\"fusion-layout-column fusion_builder_column fusion-builder-column-0 fusion_builder_column_3_5 3_5 fusion-flex-column\" style=\"--awb-bg-size:cover;--awb-width-large:60%;--awb-margin-top-large:0px;--awb-spacing-right-large:3.95833333333%;--awb-margin-bottom-large:20px;--awb-spacing-left-large:3.95833333333%;--awb-width-medium:60%;--awb-order-medium:0;--awb-spacing-right-medium:3.95833333333%;--awb-spacing-left-medium:3.95833333333%;--awb-width-small:100%;--awb-order-small:0;--awb-spacing-right-small:2.375%;--awb-spacing-left-small:2.375%;\"><div class=\"fusion-column-wrapper fusion-column-has-shadow fusion-flex-justify-content-flex-start fusion-content-layout-column\"><div class=\"fusion-text fusion-text-1\"><h4 style=\"color: var(--awb-color8);\">S\u00e1l<\/h4>\n<p style=\"color: rgb(0, 0, 0);\">Rozm\u011bry s\u00e1lu jsou p\u0159ibli\u017en\u011b 10m x 6m, maxim\u00e1ln\u00ed po\u010det sed\u00edc\u00edch osob je 50. K dispozici jsou \u017eidle, flipchart, poj\u00edzdn\u00fd stolek, dva velk\u00e9 stoly, dataprojektor, p\u0159ipojen\u00ed k internetu. Pro n\u00e1jemce je k dispozici tak\u00e9 kuchy\u0148ka, d\u00e1vkova\u010d tepl\u00e9 a studen\u00e9 vody, toalety.<\/p>\n<\/div>\n<div class=\"table-2\">\n<table width=\"100%\">\n<thead>\n<tr>\n<th style=\"text-align: center;\" align=\"left\"><strong>Typ organizace<\/strong><\/th>\n<th style=\"text-align: center;\" align=\"left\"><strong>Letn\u00ed obdob\u00ed<br \/>(bez topen\u00ed)<\/strong><\/th>\n<th style=\"text-align: center;\" align=\"left\"><strong>Zimn\u00ed obdob\u00ed<br \/>(s topen\u00edm)<\/strong><\/th>\n<\/tr>\n<\/thead>\n<tbody>\n<tr>\n<td style=\"text-align: center;\" align=\"left\">Neziskov\u00e1<\/td>\n<td style=\"text-align: center;\" align=\"left\">200 K\u010d\/h; 1 400 K\u010d\/den<\/td>\n<td style=\"text-align: center;\" align=\"left\">300 K\u010d\/h; 2 500 K\u010d\/den<\/td>\n<\/tr>\n<tr>\n<td style=\"text-align: center;\" align=\"left\">Ostatn\u00ed<\/td>\n<td style=\"text-align: center;\" align=\"left\">250 K\u010d\/h; 2 000 K\u010d\/den<\/td>\n<td style=\"text-align: center;\" align=\"left\">400 K\u010d\/h; 3 200 K\u010d\/den<\/td>\n<\/tr>\n<\/tbody>\n<\/table>\n<\/div>\n<\/div><\/div><div class=\"fusion-layout-column fusion_builder_column fusion-builder-column-1 fusion_builder_column_2_5 2_5 fusion-flex-column\" style=\"--awb-bg-size:cover;--awb-width-large:40%;--awb-margin-top-large:0px;--awb-spacing-right-large:5.9375%;--awb-margin-bottom-large:20px;--awb-spacing-left-large:5.9375%;--awb-width-medium:40%;--awb-order-medium:0;--awb-spacing-right-medium:5.9375%;--awb-spacing-left-medium:5.9375%;--awb-width-small:100%;--awb-order-small:0;--awb-spacing-right-small:2.375%;--awb-spacing-left-small:2.375%;\"><div class=\"fusion-column-wrapper fusion-column-has-shadow fusion-flex-justify-content-flex-start fusion-content-layout-column\"><div class=\"fusion-image-element \" style=\"--awb-aspect-ratio:1 \/ 1;--awb-caption-title-font-family:var(--h2_typography-font-family);--awb-caption-title-font-weight:var(--h2_typography-font-weight);--awb-caption-title-font-style:var(--h2_typography-font-style);--awb-caption-title-size:var(--h2_typography-font-size);--awb-caption-title-transform:var(--h2_typography-text-transform);--awb-caption-title-line-height:var(--h2_typography-line-height);--awb-caption-title-letter-spacing:var(--h2_typography-letter-spacing);\"><span class=\" fusion-imageframe imageframe-none imageframe-1 hover-type-none has-aspect-ratio\"><img decoding=\"async\" width=\"1280\" height=\"853\" title=\"auditorium-6701804_1280\" src=\"https:\/\/decko.webinson.cz\/decko\/wp-content\/uploads\/2023\/08\/auditorium-6701804_1280.jpg\" data-orig-src=\"http:\/\/decko.webinson.cz\/decko\/wp-content\/uploads\/2023\/08\/auditorium-6701804_1280.jpg\" class=\"lazyload img-responsive wp-image-2206 img-with-aspect-ratio\" alt srcset=\"data:image\/svg+xml,%3Csvg%20xmlns%3D%27http%3A%2F%2Fwww.w3.org%2F2000%2Fsvg%27%20width%3D%271280%27%20height%3D%27853%27%20viewBox%3D%270%200%201280%20853%27%3E%3Crect%20width%3D%271280%27%20height%3D%27853%27%20fill-opacity%3D%220%22%2F%3E%3C%2Fsvg%3E\" data-srcset=\"https:\/\/decko.webinson.cz\/decko\/wp-content\/uploads\/2023\/08\/auditorium-6701804_1280-200x133.jpg 200w, https:\/\/decko.webinson.cz\/decko\/wp-content\/uploads\/2023\/08\/auditorium-6701804_1280-400x267.jpg 400w, https:\/\/decko.webinson.cz\/decko\/wp-content\/uploads\/2023\/08\/auditorium-6701804_1280-600x400.jpg 600w, https:\/\/decko.webinson.cz\/decko\/wp-content\/uploads\/2023\/08\/auditorium-6701804_1280-800x533.jpg 800w, https:\/\/decko.webinson.cz\/decko\/wp-content\/uploads\/2023\/08\/auditorium-6701804_1280-1200x800.jpg 1200w, https:\/\/decko.webinson.cz\/decko\/wp-content\/uploads\/2023\/08\/auditorium-6701804_1280.jpg 1280w\" data-sizes=\"auto\" data-orig-sizes=\"(max-width: 700px) 100vw, 600px\" \/><\/span><\/div><\/div><\/div><\/div><\/div><div class=\"fusion-fullwidth fullwidth-box fusion-builder-row-2 fusion-flex-container has-pattern-background has-mask-background nonhundred-percent-fullwidth non-hundred-percent-height-scrolling\" style=\"--awb-border-radius-top-left:0px;--awb-border-radius-top-right:0px;--awb-border-radius-bottom-right:0px;--awb-border-radius-bottom-left:0px;--awb-flex-wrap:wrap;\" ><div class=\"fusion-builder-row fusion-row fusion-flex-align-items-flex-start fusion-flex-content-wrap\" style=\"max-width:1365px;margin-left: calc(-5% \/ 2 );margin-right: calc(-5% \/ 2 );\"><div class=\"fusion-layout-column fusion_builder_column fusion-builder-column-2 fusion_builder_column_1_1 1_1 fusion-flex-column\" style=\"--awb-bg-size:cover;--awb-width-large:100%;--awb-margin-top-large:0px;--awb-spacing-right-large:2.375%;--awb-margin-bottom-large:20px;--awb-spacing-left-large:2.375%;--awb-width-medium:100%;--awb-order-medium:0;--awb-spacing-right-medium:2.375%;--awb-spacing-left-medium:2.375%;--awb-width-small:100%;--awb-order-small:0;--awb-spacing-right-small:2.375%;--awb-spacing-left-small:2.375%;\"><div class=\"fusion-column-wrapper fusion-column-has-shadow fusion-flex-justify-content-flex-start fusion-content-layout-column\"><div class=\"fusion-separator fusion-has-icon\" style=\"align-self: center;margin-left: auto;margin-right: auto;margin-bottom:0px;width:100%;max-width:1200px;\"><div class=\"fusion-separator-border sep-single sep-solid\" style=\"--awb-height:20px;--awb-amount:20px;--awb-sep-color:var(--awb-color7);border-color:var(--awb-color7);border-top-width:1px;\"><\/div><span class=\"icon-wrapper\" style=\"border-color:var(--awb-color7);background-color:rgba(255,255,255,0);font-size:16px;width: 1.75em; height: 1.75em;border-width:1px;padding:1px;margin-top:-0.5px\"><i class=\"fa-circle fas\" style=\"font-size: inherit;color:var(--awb-color4);\" aria-hidden=\"true\"><\/i><\/span><div class=\"fusion-separator-border sep-single sep-solid\" style=\"--awb-height:20px;--awb-amount:20px;--awb-sep-color:var(--awb-color7);border-color:var(--awb-color7);border-top-width:1px;\"><\/div><\/div><\/div><\/div><\/div><\/div><div class=\"fusion-fullwidth fullwidth-box fusion-builder-row-3 fusion-flex-container has-pattern-background has-mask-background nonhundred-percent-fullwidth non-hundred-percent-height-scrolling\" style=\"--awb-border-radius-top-left:0px;--awb-border-radius-top-right:0px;--awb-border-radius-bottom-right:0px;--awb-border-radius-bottom-left:0px;--awb-flex-wrap:wrap;\" ><div class=\"fusion-builder-row fusion-row fusion-flex-align-items-flex-start fusion-flex-content-wrap\" style=\"max-width:1365px;margin-left: calc(-5% \/ 2 );margin-right: calc(-5% \/ 2 );\"><div class=\"fusion-layout-column fusion_builder_column fusion-builder-column-3 fusion_builder_column_2_5 2_5 fusion-flex-column\" style=\"--awb-bg-size:cover;--awb-width-large:40%;--awb-margin-top-large:0px;--awb-spacing-right-large:5.9375%;--awb-margin-bottom-large:20px;--awb-spacing-left-large:5.9375%;--awb-width-medium:40%;--awb-order-medium:0;--awb-spacing-right-medium:5.9375%;--awb-spacing-left-medium:5.9375%;--awb-width-small:100%;--awb-order-small:0;--awb-spacing-right-small:2.375%;--awb-spacing-left-small:2.375%;\"><div class=\"fusion-column-wrapper fusion-column-has-shadow fusion-flex-justify-content-flex-start fusion-content-layout-column\"><div class=\"fusion-image-element \" style=\"--awb-aspect-ratio:1 \/ 1;--awb-caption-title-font-family:var(--h2_typography-font-family);--awb-caption-title-font-weight:var(--h2_typography-font-weight);--awb-caption-title-font-style:var(--h2_typography-font-style);--awb-caption-title-size:var(--h2_typography-font-size);--awb-caption-title-transform:var(--h2_typography-text-transform);--awb-caption-title-line-height:var(--h2_typography-line-height);--awb-caption-title-letter-spacing:var(--h2_typography-letter-spacing);\"><span class=\" fusion-imageframe imageframe-none imageframe-2 hover-type-none has-aspect-ratio\"><img decoding=\"async\" width=\"1280\" height=\"915\" title=\"classroom-2093744_1280\" src=\"https:\/\/decko.webinson.cz\/decko\/wp-content\/uploads\/2023\/08\/classroom-2093744_1280.jpg\" data-orig-src=\"http:\/\/decko.webinson.cz\/decko\/wp-content\/uploads\/2023\/08\/classroom-2093744_1280.jpg\" class=\"lazyload img-responsive wp-image-2207 img-with-aspect-ratio\" alt srcset=\"data:image\/svg+xml,%3Csvg%20xmlns%3D%27http%3A%2F%2Fwww.w3.org%2F2000%2Fsvg%27%20width%3D%271280%27%20height%3D%27915%27%20viewBox%3D%270%200%201280%20915%27%3E%3Crect%20width%3D%271280%27%20height%3D%27915%27%20fill-opacity%3D%220%22%2F%3E%3C%2Fsvg%3E\" data-srcset=\"https:\/\/decko.webinson.cz\/decko\/wp-content\/uploads\/2023\/08\/classroom-2093744_1280-200x143.jpg 200w, https:\/\/decko.webinson.cz\/decko\/wp-content\/uploads\/2023\/08\/classroom-2093744_1280-400x286.jpg 400w, https:\/\/decko.webinson.cz\/decko\/wp-content\/uploads\/2023\/08\/classroom-2093744_1280-600x429.jpg 600w, https:\/\/decko.webinson.cz\/decko\/wp-content\/uploads\/2023\/08\/classroom-2093744_1280-800x572.jpg 800w, https:\/\/decko.webinson.cz\/decko\/wp-content\/uploads\/2023\/08\/classroom-2093744_1280-1200x858.jpg 1200w, https:\/\/decko.webinson.cz\/decko\/wp-content\/uploads\/2023\/08\/classroom-2093744_1280.jpg 1280w\" data-sizes=\"auto\" data-orig-sizes=\"(max-width: 700px) 100vw, 600px\" \/><\/span><\/div><\/div><\/div><div class=\"fusion-layout-column fusion_builder_column fusion-builder-column-4 fusion_builder_column_3_5 3_5 fusion-flex-column\" style=\"--awb-bg-size:cover;--awb-width-large:60%;--awb-margin-top-large:0px;--awb-spacing-right-large:3.95833333333%;--awb-margin-bottom-large:20px;--awb-spacing-left-large:3.95833333333%;--awb-width-medium:60%;--awb-order-medium:0;--awb-spacing-right-medium:3.95833333333%;--awb-spacing-left-medium:3.95833333333%;--awb-width-small:100%;--awb-order-small:0;--awb-spacing-right-small:2.375%;--awb-spacing-left-small:2.375%;\"><div class=\"fusion-column-wrapper fusion-column-has-shadow fusion-flex-justify-content-flex-start fusion-content-layout-column\"><div class=\"fusion-text fusion-text-2\"><h4 style=\"color: var(--awb-color8);\">U\u010debna v suter\u00e9nu<\/h4>\n<p style=\"color: rgb(0, 0, 0);\">Rozm\u011bry u\u010debny jsou p\u0159ibli\u017en\u011b 4m x 4m, je vhodn\u00e1 pro semin\u00e1\u0159\/workshop s men\u0161\u00edm po\u010dtem \u00fa\u010dastn\u00edk\u016f, maxim\u00e1ln\u011b do 10 osob. K dispozici je dataprojektor, flipchart, p\u0159ipojen\u00ed k internetu. K dispozici je toaleta a rychlovarn\u00e1 konvice.<\/p>\n<\/div>\n<div class=\"table-2\">\n<table width=\"100%\">\n<thead>\n<tr>\n<th style=\"text-align: center;\" align=\"left\"><strong>Letn\u00ed obdob\u00ed<\/strong><\/th>\n<th style=\"text-align: center;\" align=\"left\"><strong>Zimn\u00ed obdob\u00ed<\/strong><\/th>\n<\/tr>\n<\/thead>\n<tbody>\n<tr>\n<td style=\"text-align: center;\" align=\"left\">120 K\u010d\/h<\/td>\n<td style=\"text-align: center;\" align=\"left\">200 K\u010d\/h<\/td>\n<\/tr>\n<\/tbody>\n<\/table>\n<\/div>\n<\/div><\/div><\/div><\/div><div class=\"fusion-fullwidth fullwidth-box fusion-builder-row-4 fusion-flex-container has-pattern-background has-mask-background nonhundred-percent-fullwidth non-hundred-percent-height-scrolling\" style=\"--awb-border-radius-top-left:0px;--awb-border-radius-top-right:0px;--awb-border-radius-bottom-right:0px;--awb-border-radius-bottom-left:0px;--awb-flex-wrap:wrap;\" ><div class=\"fusion-builder-row fusion-row fusion-flex-align-items-flex-start fusion-flex-content-wrap\" style=\"max-width:1365px;margin-left: calc(-5% \/ 2 );margin-right: calc(-5% \/ 2 );\"><div class=\"fusion-layout-column fusion_builder_column fusion-builder-column-5 fusion_builder_column_1_1 1_1 fusion-flex-column\" style=\"--awb-padding-top:33px;--awb-bg-size:cover;--awb-width-large:100%;--awb-margin-top-large:0px;--awb-spacing-right-large:2.375%;--awb-margin-bottom-large:20px;--awb-spacing-left-large:2.375%;--awb-width-medium:100%;--awb-order-medium:0;--awb-spacing-right-medium:2.375%;--awb-spacing-left-medium:2.375%;--awb-width-small:100%;--awb-order-small:0;--awb-spacing-right-small:2.375%;--awb-spacing-left-small:2.375%;\"><div class=\"fusion-column-wrapper fusion-column-has-shadow fusion-flex-justify-content-flex-start fusion-content-layout-column\"><div style=\"text-align:center;\"><a class=\"fusion-button button-flat button-xlarge button-default fusion-button-default button-1 fusion-button-default-span fusion-button-default-type\" target=\"_self\" href=\"kontakty\"><span class=\"fusion-button-text\">Kontaktujte n\u00e1s<\/span><\/a><\/div><\/div><\/div><\/div><\/div><\/p>\n","protected":false},"excerpt":{"rendered":"","protected":false},"author":2,"featured_media":0,"parent":0,"menu_order":0,"comment_status":"closed","ping_status":"closed","template":"","meta":{"content-type":""},"_links":{"self":[{"href":"https:\/\/decko.webinson.cz\/decko\/wp-json\/wp\/v2\/pages\/2191"}],"collection":[{"href":"https:\/\/decko.webinson.cz\/decko\/wp-json\/wp\/v2\/pages"}],"about":[{"href":"https:\/\/decko.webinson.cz\/decko\/wp-json\/wp\/v2\/types\/page"}],"author":[{"embeddable":true,"href":"https:\/\/decko.webinson.cz\/decko\/wp-json\/wp\/v2\/users\/2"}],"replies":[{"embeddable":true,"href":"https:\/\/decko.webinson.cz\/decko\/wp-json\/wp\/v2\/comments?post=2191"}],"version-history":[{"count":15,"href":"https:\/\/decko.webinson.cz\/decko\/wp-json\/wp\/v2\/pages\/2191\/revisions"}],"predecessor-version":[{"id":2230,"href":"https:\/\/decko.webinson.cz\/decko\/wp-json\/wp\/v2\/pages\/2191\/revisions\/2230"}],"wp:attachment":[{"href":"https:\/\/decko.webinson.cz\/decko\/wp-json\/wp\/v2\/media?parent=2191"}],"curies":[{"name":"wp","href":"https:\/\/api.w.org\/{rel}","templated":true}]}}