{"id":1142,"date":"2020-10-15T17:26:20","date_gmt":"2020-10-15T15:26:20","guid":{"rendered":"http:\/\/decko.webinson.cz\/decko\/?page_id=1142"},"modified":"2023-07-31T11:11:02","modified_gmt":"2023-07-31T09:11:02","slug":"aktuality","status":"publish","type":"page","link":"https:\/\/decko.webinson.cz\/decko\/aktuality\/","title":{"rendered":"Aktuality"},"content":{"rendered":"<div class=\"fusion-fullwidth fullwidth-box fusion-builder-row-1 fusion-flex-container has-pattern-background has-mask-background nonhundred-percent-fullwidth non-hundred-percent-height-scrolling\" style=\"--awb-border-radius-top-left:0px;--awb-border-radius-top-right:0px;--awb-border-radius-bottom-right:0px;--awb-border-radius-bottom-left:0px;--awb-padding-top:1vw;--awb-flex-wrap:wrap;\" ><div class=\"fusion-builder-row fusion-row fusion-flex-align-items-flex-start fusion-flex-content-wrap\" style=\"max-width:1365px;margin-left: calc(-5% \/ 2 );margin-right: calc(-5% \/ 2 );\"><div class=\"fusion-layout-column fusion_builder_column fusion-builder-column-0 fusion_builder_column_1_1 1_1 fusion-flex-column\" style=\"--awb-bg-size:cover;--awb-width-large:100%;--awb-margin-top-large:0px;--awb-spacing-right-large:2.375%;--awb-margin-bottom-large:0px;--awb-spacing-left-large:2.375%;--awb-width-medium:100%;--awb-spacing-right-medium:2.375%;--awb-spacing-left-medium:2.375%;--awb-width-small:100%;--awb-spacing-right-small:2.375%;--awb-spacing-left-small:2.375%;\"><div class=\"fusion-column-wrapper fusion-column-has-shadow fusion-flex-justify-content-flex-start fusion-content-layout-column\"><div class=\"fusion-blog-shortcode fusion-blog-shortcode-1 fusion-blog-archive fusion-blog-layout-grid-wrapper fusion-blog-pagination fusion-no-medium-visibility fusion-no-large-visibility\"><style type=\"text\/css\">.fusion-blog-shortcode-1 .fusion-blog-layout-grid .fusion-post-grid{padding:35px;}.fusion-blog-shortcode-1 .fusion-posts-container{margin-left: -35px !important; margin-right:-35px !important;}<\/style><div class=\"fusion-posts-container fusion-posts-container-pagination fusion-blog-rollover fusion-blog-layout-grid fusion-blog-layout-grid-2 isotope\" data-pages=\"1\" data-grid-col-space=\"70\" style=\"margin: -35px -35px 0;min-height:500px;\"><article id=\"blog-1-post-1978\" class=\"fusion-post-grid post-1978 post type-post status-publish format-standard has-post-thumbnail hentry category-aktuality\">\n<div class=\"fusion-post-wrapper\" style=\"background-color:rgba(255,255,255,0);border:none;\">\n\n\t\t\t<div class=\"fusion-flexslider flexslider fusion-flexslider-loading fusion-post-slideshow\" style=\"border-color:rgba(255,255,255,0);\">\n\t\t<ul class=\"slides\">\n\t\t\t\n\t\t\t\t\t\t\t\t\t\t\t\t\t\t<li><div  class=\"fusion-image-wrapper\" aria-haspopup=\"true\">\n\t\t\t\t<img width=\"1280\" height=\"850\" src=\"https:\/\/decko.webinson.cz\/decko\/wp-content\/uploads\/2023\/07\/bookkeeping-g0f294d188_1280.jpg\" class=\"attachment-full size-full lazyload wp-post-image\" alt=\"\" decoding=\"async\" srcset=\"data:image\/svg+xml,%3Csvg%20xmlns%3D%27http%3A%2F%2Fwww.w3.org%2F2000%2Fsvg%27%20width%3D%271280%27%20height%3D%27850%27%20viewBox%3D%270%200%201280%20850%27%3E%3Crect%20width%3D%271280%27%20height%3D%27850%27%20fill-opacity%3D%220%22%2F%3E%3C%2Fsvg%3E\" data-orig-src=\"https:\/\/decko.webinson.cz\/decko\/wp-content\/uploads\/2023\/07\/bookkeeping-g0f294d188_1280.jpg\" data-srcset=\"https:\/\/decko.webinson.cz\/decko\/wp-content\/uploads\/2023\/07\/bookkeeping-g0f294d188_1280-200x133.jpg 200w, https:\/\/decko.webinson.cz\/decko\/wp-content\/uploads\/2023\/07\/bookkeeping-g0f294d188_1280-400x266.jpg 400w, https:\/\/decko.webinson.cz\/decko\/wp-content\/uploads\/2023\/07\/bookkeeping-g0f294d188_1280-600x398.jpg 600w, https:\/\/decko.webinson.cz\/decko\/wp-content\/uploads\/2023\/07\/bookkeeping-g0f294d188_1280-800x531.jpg 800w, https:\/\/decko.webinson.cz\/decko\/wp-content\/uploads\/2023\/07\/bookkeeping-g0f294d188_1280-1200x797.jpg 1200w, https:\/\/decko.webinson.cz\/decko\/wp-content\/uploads\/2023\/07\/bookkeeping-g0f294d188_1280.jpg 1280w\" data-sizes=\"auto\" \/><div class=\"fusion-rollover\">\n\t<div class=\"fusion-rollover-content\">\n\n\t\t\t\t\n\t\t\n\t\t\t\t\t\t\t\t\t\t\t\t<h4 class=\"fusion-rollover-title\">\n\t\t\t\t\t<a class=\"fusion-rollover-title-link\" href=\"https:\/\/decko.webinson.cz\/decko\/2023\/07\/12\/milostive-leto-iii\/\">\n\t\t\t\t\t\tMilostiv\u00e9 l\u00e9to III.\t\t\t\t\t<\/a>\n\t\t\t\t<\/h4>\n\t\t\t\n\t\t\t\t\t\t\t\t\t\t<div class=\"fusion-rollover-categories\"><a href=\"https:\/\/decko.webinson.cz\/decko\/category\/aktuality\/\" rel=\"tag\">Aktuality<\/a><\/div>\t\t\t\t\t\n\t\t\n\t\t\t\t\t\t<a class=\"fusion-link-wrapper\" href=\"https:\/\/decko.webinson.cz\/decko\/2023\/07\/12\/milostive-leto-iii\/\" aria-label=\"Milostiv\u00e9 l\u00e9to III.\"><\/a>\n\t<\/div>\n<\/div>\n<\/div>\n<\/li>\n\t\t\t\n\t\t\t\n\t\t\t\t\t\t\t\t\t\t\t\t\t\t\t\t\t\t\t\t\t\t\t\t\t\t\t\t\t\t\t\t\t\t\t\t\t\t\t\t\t\t\t\t\t\t\t\t\t\t\t\t\t\t\t\t\t\t\t\t\t\t\t\t\t\t\t\t<\/ul>\n\t<\/div>\n\t<div class=\"fusion-post-content-wrapper\" style=\"padding:30px 25px 25px 25px;\"><div class=\"fusion-post-content post-content\"><h2 class=\"blog-shortcode-post-title entry-title\"><a href=\"https:\/\/decko.webinson.cz\/decko\/2023\/07\/12\/milostive-leto-iii\/\">Milostiv\u00e9 l\u00e9to III.<\/a><\/h2><p class=\"fusion-single-line-meta\">By <span class=\"vcard\"><span class=\"fn\"><a href=\"https:\/\/decko.webinson.cz\/decko\/author\/michalfara\/\" title=\"P\u0159\u00edsp\u011bvky od Michal Fara\" rel=\"author\">Michal Fara<\/a><\/span><\/span><span class=\"fusion-inline-sep\">|<\/span><span class=\"updated\" style=\"display:none;\">2023-07-31T11:29:34+02:00<\/span><span>12. 7. 2023<\/span><span class=\"fusion-inline-sep\">|<\/span><\/p><\/div><\/div><div class=\"fusion-clearfix\"><\/div><\/div>\n<\/article>\n<div class=\"fusion-clearfix\"><\/div><\/div><\/div><div class=\"fusion-blog-shortcode fusion-blog-shortcode-2 fusion-blog-archive fusion-blog-layout-grid-wrapper fusion-blog-pagination fusion-no-small-visibility\"><style type=\"text\/css\">.fusion-blog-shortcode-2 .fusion-blog-layout-grid .fusion-post-grid{padding:35px;}.fusion-blog-shortcode-2 .fusion-posts-container{margin-left: -35px !important; margin-right:-35px !important;}<\/style><div class=\"fusion-posts-container fusion-posts-container-pagination fusion-blog-rollover fusion-blog-layout-grid fusion-blog-layout-grid-2 isotope fusion-blog-layout-masonry\" data-pages=\"1\" data-grid-col-space=\"70\" style=\"margin: -35px -35px 0;min-height:500px;\"><article class=\"fusion-post-grid fusion-post-masonry post fusion-grid-sizer\"><\/article><article id=\"blog-2-post-1978\" class=\"fusion-post-masonry fusion-post-grid fusion-element-grid post-1978 post type-post status-publish format-standard has-post-thumbnail hentry category-aktuality\">\n<div class=\"fusion-post-wrapper fusion-masonary-is-transparent \" style=\"background-color:rgba(255,255,255,1);border:none;\"><div  class=\"fusion-masonry-element-container lazyload fusion-image-wrapper\" style=\"padding-top:calc((100% + 70px) * 0.8 - 35px);\" data-bg=\"https:\/\/decko.webinson.cz\/decko\/wp-content\/uploads\/2023\/07\/bookkeeping-g0f294d188_1280.jpg\" aria-haspopup=\"true\">\n\t\t\t\t<img width=\"1280\" height=\"850\" src=\"https:\/\/decko.webinson.cz\/decko\/wp-content\/uploads\/2023\/07\/bookkeeping-g0f294d188_1280.jpg\" class=\"attachment-full size-full lazyload wp-post-image\" alt=\"\" decoding=\"async\" srcset=\"data:image\/svg+xml,%3Csvg%20xmlns%3D%27http%3A%2F%2Fwww.w3.org%2F2000%2Fsvg%27%20width%3D%271280%27%20height%3D%27850%27%20viewBox%3D%270%200%201280%20850%27%3E%3Crect%20width%3D%271280%27%20height%3D%27850%27%20fill-opacity%3D%220%22%2F%3E%3C%2Fsvg%3E\" data-orig-src=\"https:\/\/decko.webinson.cz\/decko\/wp-content\/uploads\/2023\/07\/bookkeeping-g0f294d188_1280.jpg\" data-srcset=\"https:\/\/decko.webinson.cz\/decko\/wp-content\/uploads\/2023\/07\/bookkeeping-g0f294d188_1280-200x133.jpg 200w, https:\/\/decko.webinson.cz\/decko\/wp-content\/uploads\/2023\/07\/bookkeeping-g0f294d188_1280-400x266.jpg 400w, https:\/\/decko.webinson.cz\/decko\/wp-content\/uploads\/2023\/07\/bookkeeping-g0f294d188_1280-600x398.jpg 600w, https:\/\/decko.webinson.cz\/decko\/wp-content\/uploads\/2023\/07\/bookkeeping-g0f294d188_1280-800x531.jpg 800w, https:\/\/decko.webinson.cz\/decko\/wp-content\/uploads\/2023\/07\/bookkeeping-g0f294d188_1280-1200x797.jpg 1200w, https:\/\/decko.webinson.cz\/decko\/wp-content\/uploads\/2023\/07\/bookkeeping-g0f294d188_1280.jpg 1280w\" data-sizes=\"auto\" \/><div class=\"fusion-rollover\">\n\t<div class=\"fusion-rollover-content\">\n\n\t\t\t\t\n\t\t\n\t\t\t\t\t\t\t\t\t\t\t\t<h4 class=\"fusion-rollover-title\">\n\t\t\t\t\t<a class=\"fusion-rollover-title-link\" href=\"https:\/\/decko.webinson.cz\/decko\/2023\/07\/12\/milostive-leto-iii\/\">\n\t\t\t\t\t\tMilostiv\u00e9 l\u00e9to III.\t\t\t\t\t<\/a>\n\t\t\t\t<\/h4>\n\t\t\t\n\t\t\t\t\t\t\t\t\t\t<div class=\"fusion-rollover-categories\"><a href=\"https:\/\/decko.webinson.cz\/decko\/category\/aktuality\/\" rel=\"tag\">Aktuality<\/a><\/div>\t\t\t\t\t\n\t\t\n\t\t\t\t\t\t<a class=\"fusion-link-wrapper\" href=\"https:\/\/decko.webinson.cz\/decko\/2023\/07\/12\/milostive-leto-iii\/\" aria-label=\"Milostiv\u00e9 l\u00e9to III.\"><\/a>\n\t<\/div>\n<\/div>\n<\/div>\n<div class=\"fusion-post-content-wrapper\" style=\"padding:30px 25px 25px 25px;background-color:rgba(255,255,255,1);\"><div class=\"fusion-post-content post-content\"><h2 class=\"blog-shortcode-post-title entry-title\"><a href=\"https:\/\/decko.webinson.cz\/decko\/2023\/07\/12\/milostive-leto-iii\/\">Milostiv\u00e9 l\u00e9to III.<\/a><\/h2><p class=\"fusion-single-line-meta\"><span class=\"vcard\" style=\"display: none;\"><span class=\"fn\"><a href=\"https:\/\/decko.webinson.cz\/decko\/author\/michalfara\/\" title=\"P\u0159\u00edsp\u011bvky od Michal Fara\" rel=\"author\">Michal Fara<\/a><\/span><\/span><span class=\"updated\" style=\"display:none;\">2023-07-31T11:29:34+02:00<\/span><span>12. 7. 2023<\/span><span class=\"fusion-inline-sep\">|<\/span><\/p><\/div><\/div><div class=\"fusion-clearfix\"><\/div><\/div>\n<\/article>\n<div class=\"fusion-clearfix\"><\/div><\/div><\/div><\/div><\/div><\/div><\/div>\n","protected":false},"excerpt":{"rendered":"","protected":false},"author":2,"featured_media":0,"parent":0,"menu_order":0,"comment_status":"closed","ping_status":"closed","template":"100-width.php","meta":{"content-type":""},"_links":{"self":[{"href":"https:\/\/decko.webinson.cz\/decko\/wp-json\/wp\/v2\/pages\/1142"}],"collection":[{"href":"https:\/\/decko.webinson.cz\/decko\/wp-json\/wp\/v2\/pages"}],"about":[{"href":"https:\/\/decko.webinson.cz\/decko\/wp-json\/wp\/v2\/types\/page"}],"author":[{"embeddable":true,"href":"https:\/\/decko.webinson.cz\/decko\/wp-json\/wp\/v2\/users\/2"}],"replies":[{"embeddable":true,"href":"https:\/\/decko.webinson.cz\/decko\/wp-json\/wp\/v2\/comments?post=1142"}],"version-history":[{"count":7,"href":"https:\/\/decko.webinson.cz\/decko\/wp-json\/wp\/v2\/pages\/1142\/revisions"}],"predecessor-version":[{"id":1991,"href":"https:\/\/decko.webinson.cz\/decko\/wp-json\/wp\/v2\/pages\/1142\/revisions\/1991"}],"wp:attachment":[{"href":"https:\/\/decko.webinson.cz\/decko\/wp-json\/wp\/v2\/media?parent=1142"}],"curies":[{"name":"wp","href":"https:\/\/api.w.org\/{rel}","templated":true}]}}